{"id":1263,"date":"2025-10-20T19:19:02","date_gmt":"2025-10-20T17:19:02","guid":{"rendered":"http:\/\/gelstedvand.dk\/?page_id=1263"},"modified":"2025-10-20T19:19:03","modified_gmt":"2025-10-20T17:19:03","slug":"boligenhed","status":"publish","type":"page","link":"http:\/\/gelstedvand.dk\/?page_id=1263","title":{"rendered":"Boligenhed"},"content":{"rendered":"\n<p><strong>Information fra Gelsted Vand<\/strong><\/p>\n\n\n\n<p>I forbindelse med en gennemgang af vores medlemskartotek er vi blevet opm\u00e6rksomme p\u00e5 flere ejendomme, der er blevet \u00e6ndret med hensyn til hvor mange boligenheder\/lejem\u00e5l ejendommen udnyttes til.<\/p>\n\n\n\n<p>Hver gang der er en boligenhed (postkasse, et k\u00f8kken eller en lejlighed), skal vi modtage bidrag. Vi har dog konstateret, at dette ikke altid er tilf\u00e6ldet.<\/p>\n\n\n\n<p><strong>Hvad er en boligenhed?<\/strong><\/p>\n\n\n\n<p>En boligenhed er en lejlighed eller fast ejendom, hvor der kan bo en eller flere personer.&nbsp; En boligenhed skal udover beboelsesrum have k\u00f8kken og bad\/toilet.<\/p>\n\n\n\n<p><strong>N\u00e5r du \u00e6ndrer antallet af boliger i en eksisterende bygning<\/strong><\/p>\n\n\n\n<figure class=\"wp-block-image size-full\"><img loading=\"lazy\" decoding=\"async\" width=\"541\" height=\"304\" src=\"http:\/\/gelstedvand.dk\/wp-content\/uploads\/2025\/10\/image.png\" alt=\"\" class=\"wp-image-1264\" srcset=\"http:\/\/gelstedvand.dk\/wp-content\/uploads\/2025\/10\/image.png 541w, http:\/\/gelstedvand.dk\/wp-content\/uploads\/2025\/10\/image-300x169.png 300w\" sizes=\"auto, (max-width: 541px) 100vw, 541px\" \/><\/figure>\n\n\n\n<p>Alle, der benytter vand fra Gelsted Vand, er \u00f8konomisk forpligtet til at bidrage. Den nuv\u00e6rende faste \u00e5rlige afgift udg\u00f8r kr. 1.575 (2025 priser), som opkr\u00e6ves i 2 omgange \u00e5rligt, jf. vores takstblad. Dette g\u00e6lder ogs\u00e5 for ejendomme, der er opdelt i flere lejeboliger.<\/p>\n\n\n\n<p>Gelsted Vand vil i l\u00f8bet af november og december m\u00e5ned kontakte de adresser, vi har kendskab til, som ikke betaler, for at f\u00e5 bragt tingene i orden. Der er faldet en h\u00f8jesteretsdom i lignende sager, som vi henviser til.<\/p>\n\n\n\n<p>Der henvises til vores hjemmeside hvor du kan finde, regulativ, vedt\u00e6gter og takstblad samt information om mange ting.<\/p>\n\n\n\n<p><strong>Bem\u00e6rk om udlejning og korttidsudlejning (fx AirBnB)<\/strong><br>Hvis du udlejer hele eller dele af din ejendom, g\u00e6lder de samme regler for bidragspligt pr. boligenhed.<\/p>\n\n\n\n<p><\/p>\n\n\n\n<p><strong>Flere enfamilieshuse p\u00e5 samme grund<\/strong><\/p>\n\n\n\n<p>Som bygherre skal du have bestilt en tilslutning. Det kan du enten selv g\u00f8re eller kontakte en VVS-installat\u00f8r. Dern\u00e6st skal du s\u00f8rge for at betale anl\u00e6gsbidraget til os, s\u00e5 vi kan s\u00e6tte gang i arbejdet. Ledningsarbejdet inde p\u00e5 matriklen skal du selv f\u00e5 udf\u00f8rt af en autoriseret VVS-installat\u00f8r.<br><br>Gelsted Vand leverer stikledning frem til matrikelskel, stikledningsventil uden for matrikelskel samt en vandm\u00e5ler til hver bolig. Som bygherre bestemmer du selv diameteren p\u00e5 din stikledning, men til tre huse med normalt vandforbrug anbefaler vi 50 mm. Hvis du senere opdeler matriklen, s\u00e5 hvert hus f\u00e5r sin egen matrikel, skal du bestille en oml\u00e6gning af tilslutningerne, s\u00e5 hvert hus f\u00e5r egen stikledning.<br><br>Der skal desuden betales hovedanl\u00e6gsbidrag og forsyningsledningsbidrag pr. bolig p\u00e5 matriklen.<\/p>\n\n\n\n<figure class=\"wp-block-image size-full\"><img loading=\"lazy\" decoding=\"async\" width=\"700\" height=\"394\" src=\"http:\/\/gelstedvand.dk\/wp-content\/uploads\/2025\/10\/image-2.png\" alt=\"\" class=\"wp-image-1267\" srcset=\"http:\/\/gelstedvand.dk\/wp-content\/uploads\/2025\/10\/image-2.png 700w, http:\/\/gelstedvand.dk\/wp-content\/uploads\/2025\/10\/image-2-300x169.png 300w\" sizes=\"auto, (max-width: 700px) 100vw, 700px\" \/><\/figure>\n\n\n\n<p><strong>Flere lejligheder p\u00e5 samme matrikel<\/strong><\/p>\n\n\n\n<p>Som bygherre skal du have bestilt en tilslutning. Det kan du enten selv g\u00f8re eller kontakte en autoriseret VVS-installat\u00f8r. Dern\u00e6st skal du s\u00f8rge for at betale anl\u00e6gsbidraget til os, s\u00e5 vi kan s\u00e6tte gang i arbejdet. Ledningsarbejdet inde p\u00e5 matriklen skal du selv s\u00f8rge for at f\u00e5 udf\u00f8rt af en autoriseret VVS-installat\u00f8r.<br><br>Gelsted Vand leverer stikledning frem til matrikelskel, stikledningsventil uden for matrikelskel samt en vandm\u00e5ler, som VVS-installat\u00f8ren skal montere. Du kan som bygherre tr\u00e6ffe aftale med os om individuel afregning jf. bekendtg\u00f8relse 837.<br><br>Der skal desuden betales hovedanl\u00e6gsbidrag og forsyningsledningsbidrag pr. bolig p\u00e5 matriklen.<\/p>\n\n\n\n<figure class=\"wp-block-image size-full\"><img loading=\"lazy\" decoding=\"async\" width=\"700\" height=\"394\" src=\"http:\/\/gelstedvand.dk\/wp-content\/uploads\/2025\/10\/image-3.png\" alt=\"\" class=\"wp-image-1268\" srcset=\"http:\/\/gelstedvand.dk\/wp-content\/uploads\/2025\/10\/image-3.png 700w, http:\/\/gelstedvand.dk\/wp-content\/uploads\/2025\/10\/image-3-300x169.png 300w\" sizes=\"auto, (max-width: 700px) 100vw, 700px\" \/><\/figure>\n","protected":false},"excerpt":{"rendered":"<p>Information fra Gelsted Vand I forbindelse med en gennemgang af vores medlemskartotek er vi blevet opm\u00e6rksomme p\u00e5 flere ejendomme, der er blevet \u00e6ndret med hensyn til hvor mange boligenheder\/lejem\u00e5l ejendommen udnyttes til. Hver gang der er en boligenhed (postkasse, et <a class=\"more-link\" href=\"http:\/\/gelstedvand.dk\/?page_id=1263\">Forts\u00e6t l\u00e6sning  <span class=\"screen-reader-text\">  Boligenhed<\/span><span class=\"meta-nav\">&rarr;<\/span><\/a><\/p>\n","protected":false},"author":1,"featured_media":0,"parent":0,"menu_order":0,"comment_status":"closed","ping_status":"closed","template":"","meta":{"footnotes":""},"class_list":["post-1263","page","type-page","status-publish","hentry"],"_links":{"self":[{"href":"http:\/\/gelstedvand.dk\/index.php?rest_route=\/wp\/v2\/pages\/1263","targetHints":{"allow":["GET"]}}],"collection":[{"href":"http:\/\/gelstedvand.dk\/index.php?rest_route=\/wp\/v2\/pages"}],"about":[{"href":"http:\/\/gelstedvand.dk\/index.php?rest_route=\/wp\/v2\/types\/page"}],"author":[{"embeddable":true,"href":"http:\/\/gelstedvand.dk\/index.php?rest_route=\/wp\/v2\/users\/1"}],"replies":[{"embeddable":true,"href":"http:\/\/gelstedvand.dk\/index.php?rest_route=%2Fwp%2Fv2%2Fcomments&post=1263"}],"version-history":[{"count":3,"href":"http:\/\/gelstedvand.dk\/index.php?rest_route=\/wp\/v2\/pages\/1263\/revisions"}],"predecessor-version":[{"id":1270,"href":"http:\/\/gelstedvand.dk\/index.php?rest_route=\/wp\/v2\/pages\/1263\/revisions\/1270"}],"wp:attachment":[{"href":"http:\/\/gelstedvand.dk\/index.php?rest_route=%2Fwp%2Fv2%2Fmedia&parent=1263"}],"curies":[{"name":"wp","href":"https:\/\/api.w.org\/{rel}","templated":true}]}}