{"id":19,"date":"2017-05-16T17:56:19","date_gmt":"2017-05-16T15:56:19","guid":{"rendered":"http:\/\/gelstedvand.dk\/?page_id=19"},"modified":"2020-09-25T21:20:21","modified_gmt":"2020-09-25T19:20:21","slug":"vedtaegter","status":"publish","type":"page","link":"http:\/\/gelstedvand.dk\/?page_id=19","title":{"rendered":"Vedt\u00e6gter old"},"content":{"rendered":"<p>GELSTED VAND a.m.b.a.<br \/>\nVedt\u00e6gter for Gelsted Vand a.m.b.a.<br \/>\n\u00a7 1<br \/>\nSelskabet er et andelsselskab med begr\u00e6nset ansvar, hvis navn er: Gelsted Vand a.m.b.a. Selskabet er et resultat af fusionen mellem Lungh\u00f8j Vandv\u00e6rk, Gelsted Vandv\u00e6rk og Gelsted-Taarup Vand a.m.b.a.<br \/>\nSelskabet har hjemsted i Middelfart Kommune.<br \/>\n\u00a7 2 Form\u00e5l<br \/>\nSelskabets form\u00e5l er i overensstemmelse med den til enhver tid g\u00e6ldende vandforsyningslov og det for vandv\u00e6rket fastsatte regulativ at forsyne ejendomme inden for vandv\u00e6rkets forsyningsomr\u00e5de med godt og tilstr\u00e6kkeligt vand samt at varetage medlemmernes f\u00e6lles interesser i vandforsyningssp\u00f8rgsm\u00e5l samt deraf afledte forhold.<br \/>\n\u00a7 3 Medlemmer<br \/>\nEnhver, der har tinglyst adkomst til fast ejendom i forsyningsomr\u00e5det, kan blive medlem af selskabet. Har en ejendom flere ejere, kan kun \u00e9n af disse v\u00e6re medlem.<br \/>\nFor ejendomme, der er opdelt i ejerlejligheder, er det ejerne af de enkelte ejerlejligheder, der er medlem, med mindre andet er tinglyst p\u00e5 ejendommen.<br \/>\n\u00a7 4 Medlemmernes rettigheder<br \/>\nSelskabets medlemmer har ret til at blive forsynet med vand p\u00e5 de vilk\u00e5r, der er fastsat i det af kommunen godkendte regulativ.<br \/>\nVed indmeldelse oplyses om Gelsted Vand a.m.b.a. hjemmeside p\u00e5 internettet, hvor vedt\u00e6gter, regulativ og g\u00e6ldende takstblad m.m. kan l\u00e6ses eller downloades. S\u00e5fremt det nye medlem ikke har adgang til hjemmesiden udleveres vedt\u00e6gter, regulativ samt takstblad p\u00e5 forlangende.<br \/>\n\u00a7 5 Medlemmernes forpligtelser og h\u00e6ftelser i \u00f8vrigt<br \/>\nFor enhver af selskabets forpligtelser h\u00e6fter medlemmerne alene med den i selskabet indskudte kapital.<br \/>\nEthvert medlem indtr\u00e6der med alle de rettigheder og forpligtelser, der fremg\u00e5r af vandv\u00e6rkets regulativ og takstblad, herunder betaling af anl\u00e6gsbidrag, samt af n\u00e6rv\u00e6rende vedt\u00e6gter.<br \/>\nS\u00e5fremt et medlem overdrager sin ejendom, er medlemmet &#8211; ved d\u00f8dsfald medlemmets bo &#8211; forpligtet til at drage omsorg for, at den nye ejer indtr\u00e6der i medlemmets forpligtelser overfor selskabet. N\u00e5r selskabet modtager meddelelse om ejerskifte, oph\u00f8rer medlemmets rettigheder og forpligtelser over for selskabet.<br \/>\nEthvert medlem er ansvarlig for sine lejere.<br \/>\n\u00a7 6 Udtr\u00e6den af selskabet<br \/>\nUdtr\u00e6den af selskabet kan ske ved grundens oph\u00f8r som selvst\u00e6ndigt matrikelnummer, eller hvis ejendommen overf\u00f8res til andet forsyningsomr\u00e5de.<br \/>\nGELSTED VAND a.m.b.a.<br \/>\nS\u00e5fremt en grund oph\u00f8rer som selvst\u00e6ndigt matrikelnummer, afbrydes stikledningen fra forsyningsledningen, og medlemmet udtr\u00e6der af selskabet.<br \/>\nVed udtr\u00e6den kan der ikke udbetales eller udloddes andel i selskabets formue, ligesom eventuelle omkostninger afholdes af medlemmet.<br \/>\n\u00a7 7 Generalforsamling<br \/>\nGeneralforsamlingen er selskabets h\u00f8jeste myndighed.<br \/>\nOrdin\u00e6r generalforsamling afholdes hvert \u00e5r i marts m\u00e5ned.<br \/>\nIndkaldelse til generalforsamlinger, s\u00e5vel ordin\u00e6re som ekstraordin\u00e6re, sker med mindst 14 dages varsel ved annoncering i lokal avis med angivelse af dagsorden samt p\u00e5 selskabets hjemmeside p\u00e5 internettet.<br \/>\nForslag skal for at kunne behandles p\u00e5 ordin\u00e6r generalforsamling, afgives til bestyrelsen senest den 15. februar.<br \/>\nDagsorden for den ordin\u00e6re generalforsamling skal mindst omfatte f\u00f8lgende punkter:<br \/>\n1. Valg af dirigent<br \/>\n2. Bestyrelsens beretning<br \/>\n3. Det reviderede regnskab forel\u00e6gges til godkendelse<br \/>\n4. Budget for det\/de kommende \u00e5r forel\u00e6gges til godkendelse<br \/>\n5. Behandling af indkomne forslag<br \/>\n6. Valg af medlemmer og suppleanter til bestyrelsen<br \/>\n7. Valg af 2 revisorer og 1 revisorsuppleant<br \/>\n8. Eventuelt<br \/>\nOver en \u00e5rr\u00e6kke skal bestyrelsen ned p\u00e5 7 personer jf. nedenst\u00e5ende plan.<br \/>\n\u2022 F\u00f8rste \u00e5r 2017, startende med 2 personer valgt fra hvert vandv\u00e6rk valgt for 2 \u00e5r og 1 person fra hvert vandv\u00e6rk valgt for 1 \u00e5r. I alt 9 personer.<br \/>\n\u2022 Andet \u00e5r, er der 3 p\u00e5 valg. I alt 9 personer = (6 med 1 \u00e5r tilbage + 3 valgt for 2 \u00e5r).<br \/>\n\u2022 Tredje \u00e5r, v\u00e6lges 4 personer. I alt 7 personer = (3 med 1 \u00e5r tilbage + 4 valgt for 2 \u00e5r).<br \/>\n\u2022 Fjerde \u00e5r, v\u00e6lges 3 personer. I alt 7 personer = (4 med 1 \u00e5r tilbage + 3 valgt for 2 \u00e5r).<br \/>\nSelskabets bestyrelse best\u00e5r herefter af 7 medlemmer, valgt af og blandt medlemmerne for 2 \u00e5r ad gangen, idet der hvert \u00e5r p\u00e5 den ordin\u00e6re generalforsamling afg\u00e5r skiftevis 4 og 3 medlemmer.<br \/>\nF\u00f8rste \u00e5r 2017 v\u00e6lges der 1 suppleant fra hvert vandv\u00e6rk, i alt 3 personer, som ved afgang fra bestyrelsen tiltr\u00e6der som suppleant for det vandv\u00e6rk de er valgt.<br \/>\nHerefter v\u00e6lges 2 suppleanter, som ved afgang fra bestyrelsen tiltr\u00e6der efter opn\u00e5et stemmetal. S\u00e5danne bestyrelsesmedlemmer indtr\u00e6der i det afg\u00e5ede medlems resterende valgperiode.<br \/>\nEkstraordin\u00e6r generalforsamling kan indkaldes af bestyrelsen.<br \/>\nEkstraordin\u00e6r generalforsamling skal indkaldes, n\u00e5r mindst 20% af medlemmerne frems\u00e6tter skriftlig forlangende herom til bestyrelsen, ledsaget af en skriftlig dagsorden.<br \/>\nI sidstn\u00e6vnte tilf\u00e6lde skal generalforsamlingen afholdes inden to m\u00e5neder efter modtagelsen af den skriftlige beg\u00e6ring, og dagsordenen skal freml\u00e6gges sammen med indkaldelsen.<br \/>\nDe p\u00e5 generalforsamlingen trufne beslutninger indf\u00f8res i referat, der underskrives af dirigenten.<br \/>\n\u00a7 8 Stemmeret og afstemninger<br \/>\nHvert medlem har \u00e9n stemme, uanset vedkommende ejer flere ejendomme.<br \/>\nEt medlem kan afgive stemme ved skriftlig fuldmagt. Et medlem kan dog udover egen stemme kun afgive yderligere \u00e9n stemme ved fuldmagt.<br \/>\nEthvert medlem kan kr\u00e6ve hemmelig afstemning. Afg\u00f8relser tr\u00e6ffes ved simpel stemmeflerhed.<br \/>\nForslag til vedt\u00e6gts\u00e6ndringer kan kun vedtages, n\u00e5r mindst 2\/3 af de stemmeberettigede er til stede, og n\u00e5r mindst 2\/3 af disse stemmer for.<br \/>\nEr kun den anden af disse betingelser opfyldt, kan forslaget vedtages p\u00e5 en efterf\u00f8lgende ekstraordin\u00e6r- eller n\u00e6ste \u00e5rs ordin\u00e6re generalforsamling med 2\/3 af de afgivne stemmer, uanset antallet af fremm\u00f8dte stemmeberettigede.<br \/>\n\u00a7 9 Bestyrelsen<br \/>\nSelskabets bestyrelse best\u00e5r af 9 medlemmer. Over en \u00e5rr\u00e6kke skal bestyrelsen ned p\u00e5 7 personer jf. \u00a77<br \/>\nGenvalg af bestyrelsesmedlemmer og suppleanter kan finde sted.<br \/>\nBestyrelsen konstituerer sig selv. Den er beslutningsdygtig, n\u00e5r mindst halvdelen af medlemmerne er til stede.<br \/>\nBestyrelsen kan til varetagelsen af den daglige drift ans\u00e6tte forn\u00f8dent personale og ligeledes afholde de efter dens eget sk\u00f8n n\u00f8dvendige udgifter til administration, reparation og vedligeholdelse.<br \/>\nBestyrelsen har ansvar for regnskabsf\u00f8relsen og opstiller \u00e5rsregnskab og budget.<br \/>\nBestyrelsen fasts\u00e6tter selv sin forretningsorden og f\u00f8rer referat, der underskrives af de tilstedev\u00e6rende bestyrelses-medlemmer.<br \/>\nAnl\u00e6gsvirksomhed, der overstiger det vedtagne budget, skal forel\u00e6gges generalforsamlingen.<br \/>\nBestyrelsen kan i tilf\u00e6lde af overtr\u00e6delse af konkrete p\u00e5bud p\u00e5l\u00e6gge overtr\u00e6deren en s\u00e6rafgift.<br \/>\n\u00a7 10 Tegningsret<br \/>\nSelskabet tegnes af formanden og ved dennes frav\u00e6r af n\u00e6stformanden i forening med \u00e9t bestyrelsesmedlem.<br \/>\nVed k\u00f8b, salg eller pants\u00e6tning af fast ejendom og ved udstedelse af g\u00e6ldsbeviser kr\u00e6ves dog hele bestyrelsens underskrift.<br \/>\nBestyrelsen kan meddele prokura.<br \/>\n\u00a7 11 Regnskab<br \/>\nSelskabets regnskabs\u00e5r l\u00f8ber fra den 1. januar til den 31. december.<br \/>\nDen \u00e5rlige overd\u00e6kning, der m\u00e5tte fremkomme efter forsvarlige afskrivninger, kan ikke udbetales til medlemmerne. Overd\u00e6kningen skal nedbringes over en passende periode gennem takstneds\u00e6ttelser og\/eller investeringer i anl\u00e6g.<br \/>\nRevision af regnskaberne foretages af de generalforsamlingsvalgte revisorer, samt af en af bestyrelsen eventuelt antaget revisor.<br \/>\n\u00c5rsregnskabet underskrives af revisorerne og bestyrelsen.<br \/>\n\u00a7 12 Opl\u00f8sning<br \/>\nOpl\u00f8sning kan kun besluttes, s\u00e5fremt 3\/4 af samtlige stemmeberettigede stemmer derfor. Dersom opl\u00f8sningen vil kunne ske uden indskr\u00e6nkning i forsyningsmulighederne, f.eks. ved fusion med et andet vandv\u00e6rk eller ved kommunal over-tagelse, kan opl\u00f8sningen dog besluttes efter de i \u00a7 8 angivne bestemmelser vedr\u00f8rende vedt\u00e6gts\u00e6ndringer.<br \/>\nVed beslutning om opl\u00f8sning, tr\u00e6ffer generalforsamlingen afg\u00f8relse om selskabets eventuelle aktiver til anvendelse i lokalomr\u00e5det, forst\u00e5et postnummer 5591 Gelsted.<br \/>\n\u00a7 13 Ikrafttr\u00e6den<br \/>\nSelskabets vedt\u00e6gter er vedtaget p\u00e5 generalforsamlingen den 25. april 2017.<br \/>\nDe tr\u00e6der i kraft med virkning pr. 1. januar2017<br \/>\nGelsted-Taarup Vand a.m.b.a. skifter navn til Gelsted Vand a.m.b.a.<br \/>\nSelskabets vedt\u00e6gter er et resultat af fusionen mellem Lungh\u00f8j Vandv\u00e6rk, Gelsted Vandv\u00e6rk med Gelsted-Taarup Vand a.m.b.a. som det forts\u00e6ttende selskab under navnet Gelsted Vand a.m.b.a.<br \/>\nMed virkning fra den 1. januar 2017 overf\u00f8res forbrugerne fra Lungh\u00f8j Vandv\u00e6rk og Gelsted Vandv\u00e6rk til Gelsted Vand a.m.b.a.<br \/>\nLungh\u00f8j Vandv\u00e6rk og Gelsted Vandv\u00e6rk samtlige disses selskabers aktiver og passiver i henhold til den for disses selskabers reviderede og godkendte \u00e5rsrapport for 2016, overf\u00f8res til Gelsted Vand a.m.b.a. hvorefter selskaberne Lungh\u00f8j Vandv\u00e6rk og Gelsted Vandv\u00e6rks oph\u00f8rer.<\/p>\n<p>&nbsp;<\/p>\n<p>&nbsp;<\/p>\n","protected":false},"excerpt":{"rendered":"<p>GELSTED VAND a.m.b.a. Vedt\u00e6gter for Gelsted Vand a.m.b.a. \u00a7 1 Selskabet er et andelsselskab med begr\u00e6nset ansvar, hvis navn er: Gelsted Vand a.m.b.a. Selskabet er et resultat af fusionen mellem Lungh\u00f8j Vandv\u00e6rk, Gelsted Vandv\u00e6rk og Gelsted-Taarup Vand a.m.b.a. Selskabet har <a class=\"more-link\" href=\"http:\/\/gelstedvand.dk\/?page_id=19\">Forts\u00e6t l\u00e6sning  <span class=\"screen-reader-text\">  Vedt\u00e6gter old<\/span><span class=\"meta-nav\">&rarr;<\/span><\/a><\/p>\n","protected":false},"author":1,"featured_media":0,"parent":0,"menu_order":0,"comment_status":"closed","ping_status":"closed","template":"","meta":{"footnotes":""},"class_list":["post-19","page","type-page","status-publish","hentry"],"_links":{"self":[{"href":"http:\/\/gelstedvand.dk\/index.php?rest_route=\/wp\/v2\/pages\/19","targetHints":{"allow":["GET"]}}],"collection":[{"href":"http:\/\/gelstedvand.dk\/index.php?rest_route=\/wp\/v2\/pages"}],"about":[{"href":"http:\/\/gelstedvand.dk\/index.php?rest_route=\/wp\/v2\/types\/page"}],"author":[{"embeddable":true,"href":"http:\/\/gelstedvand.dk\/index.php?rest_route=\/wp\/v2\/users\/1"}],"replies":[{"embeddable":true,"href":"http:\/\/gelstedvand.dk\/index.php?rest_route=%2Fwp%2Fv2%2Fcomments&post=19"}],"version-history":[{"count":2,"href":"http:\/\/gelstedvand.dk\/index.php?rest_route=\/wp\/v2\/pages\/19\/revisions"}],"predecessor-version":[{"id":561,"href":"http:\/\/gelstedvand.dk\/index.php?rest_route=\/wp\/v2\/pages\/19\/revisions\/561"}],"wp:attachment":[{"href":"http:\/\/gelstedvand.dk\/index.php?rest_route=%2Fwp%2Fv2%2Fmedia&parent=19"}],"curies":[{"name":"wp","href":"https:\/\/api.w.org\/{rel}","templated":true}]}}