{"id":195,"date":"2017-11-20T17:49:56","date_gmt":"2017-11-20T16:49:56","guid":{"rendered":"http:\/\/gelstedvand.dk\/?page_id=195"},"modified":"2019-01-29T20:08:47","modified_gmt":"2019-01-29T19:08:47","slug":"ejerskifte-flyttemedelelse","status":"publish","type":"page","link":"http:\/\/gelstedvand.dk\/?page_id=195","title":{"rendered":"Flyttemeddelelse \/ ejerskifte"},"content":{"rendered":"\n<p> Ved flytning skal der indsendes en flyttemeddelelse til vandv\u00e6rket, s\u00e5 der kan foretages en opg\u00f8relse af vandforbruget. Nedenst\u00e5ende skema bedes anvendt til indsendelse af flyttemeddelelse. <\/p>\n\n\n<div class=\"wpforms-container wpforms-container-full\" id=\"wpforms-229\"><form id=\"wpforms-form-229\" class=\"wpforms-validate wpforms-form\" data-formid=\"229\" method=\"post\" enctype=\"multipart\/form-data\" action=\"\/index.php?rest_route=%2Fwp%2Fv2%2Fpages%2F195\" data-token=\"e40be5c8f65f5dee5cf457fdf98515b3\" data-token-time=\"1777450017\"><div class=\"wpforms-head-container\"><div class=\"wpforms-title\">Flyttemeddelelse \/ ejerskifte<\/div><\/div><noscript class=\"wpforms-error-noscript\">Please enable JavaScript in your browser to complete this form.<\/noscript><div class=\"wpforms-field-container\"><div id=\"wpforms-229-field_3-container\" class=\"wpforms-field wpforms-field-text\" data-field-id=\"3\"><label class=\"wpforms-field-label\" for=\"wpforms-229-field_3\">Vedr\u00f8rende adresse <span class=\"wpforms-required-label\">*<\/span><\/label><input type=\"text\" id=\"wpforms-229-field_3\" class=\"wpforms-field-medium wpforms-field-required\" name=\"wpforms[fields][3]\" required><\/div><div id=\"wpforms-229-field_11-container\" class=\"wpforms-field wpforms-field-name\" data-field-id=\"11\"><label class=\"wpforms-field-label\" for=\"wpforms-229-field_11\">M\u00e5lerafl\u00e6sning, kun hele tal <span class=\"wpforms-required-label\">*<\/span><\/label><input type=\"text\" id=\"wpforms-229-field_11\" class=\"wpforms-field-medium wpforms-field-required\" name=\"wpforms[fields][11]\" required><\/div><div id=\"wpforms-229-field_13-container\" class=\"wpforms-field wpforms-field-name\" data-field-id=\"13\"><label class=\"wpforms-field-label\" for=\"wpforms-229-field_13\">Dato for flytning <span class=\"wpforms-required-label\">*<\/span><\/label><input type=\"text\" id=\"wpforms-229-field_13\" class=\"wpforms-field-medium wpforms-field-required\" name=\"wpforms[fields][13]\" required><\/div><div id=\"wpforms-229-field_0-container\" class=\"wpforms-field wpforms-field-name\" data-field-id=\"0\"><label class=\"wpforms-field-label\" for=\"wpforms-229-field_0\">Navn p\u00e5 fraflytter <span class=\"wpforms-required-label\">*<\/span><\/label><input type=\"text\" id=\"wpforms-229-field_0\" class=\"wpforms-field-medium wpforms-field-required\" name=\"wpforms[fields][0]\" required><\/div><div id=\"wpforms-229-field_14-container\" class=\"wpforms-field wpforms-field-text\" data-field-id=\"14\"><label class=\"wpforms-field-label\" for=\"wpforms-229-field_14\">Mobil nr. <span class=\"wpforms-required-label\">*<\/span><\/label><input type=\"text\" id=\"wpforms-229-field_14\" class=\"wpforms-field-medium wpforms-field-required\" name=\"wpforms[fields][14]\" required><\/div><div id=\"wpforms-229-field_1-container\" class=\"wpforms-field wpforms-field-email\" data-field-id=\"1\"><label class=\"wpforms-field-label\">Email <span class=\"wpforms-required-label\">*<\/span><\/label><div class=\"wpforms-field-row wpforms-field-medium\"><div class=\"wpforms-field-row-block wpforms-one-half wpforms-first\"><input type=\"email\" id=\"wpforms-229-field_1\" class=\"wpforms-field-required wpforms-field-email-primary\" name=\"wpforms[fields][1][primary]\" spellcheck=\"false\" required><label for=\"wpforms-229-field_1\" class=\"wpforms-field-sublabel after\">Email<\/label><\/div><div class=\"wpforms-field-row-block wpforms-one-half\"><input type=\"email\" id=\"wpforms-229-field_1-secondary\" class=\"wpforms-field-email-secondary wpforms-field-required\" data-rule-confirm=\"#wpforms-229-field_1\" name=\"wpforms[fields][1][secondary]\" spellcheck=\"false\" required><label for=\"wpforms-229-field_1-secondary\" class=\"wpforms-field-sublabel after\">Confirm Email<\/label><\/div><\/div><\/div><div id=\"wpforms-229-field_4-container\" class=\"wpforms-field wpforms-field-textarea\" data-field-id=\"4\"><label class=\"wpforms-field-label\" for=\"wpforms-229-field_4\">Flytter til adressen <span class=\"wpforms-required-label\">*<\/span><\/label><textarea id=\"wpforms-229-field_4\" class=\"wpforms-field-medium wpforms-field-required\" name=\"wpforms[fields][4]\" required><\/textarea><\/div><div id=\"wpforms-229-field_5-container\" class=\"wpforms-field wpforms-field-name\" data-field-id=\"5\"><label class=\"wpforms-field-label\" for=\"wpforms-229-field_5\">Navn p\u00e5 ny forbruger \/ ejer af ejendommen <span class=\"wpforms-required-label\">*<\/span><\/label><input type=\"text\" id=\"wpforms-229-field_5\" class=\"wpforms-field-medium wpforms-field-required\" name=\"wpforms[fields][5]\" required><\/div><div id=\"wpforms-229-field_6-container\" class=\"wpforms-field wpforms-field-email\" data-field-id=\"6\"><label class=\"wpforms-field-label\" for=\"wpforms-229-field_6\">Email \/ mobil nr. <span class=\"wpforms-required-label\">*<\/span><\/label><input type=\"email\" id=\"wpforms-229-field_6\" class=\"wpforms-field-medium wpforms-field-required\" name=\"wpforms[fields][6]\" spellcheck=\"false\" required><\/div><div id=\"wpforms-229-field_7-container\" class=\"wpforms-field wpforms-field-textarea\" data-field-id=\"7\"><label class=\"wpforms-field-label\" for=\"wpforms-229-field_7\">Meddelelse<\/label><textarea id=\"wpforms-229-field_7\" class=\"wpforms-field-medium\" name=\"wpforms[fields][7]\" ><\/textarea><\/div><div id=\"wpforms-229-field_15-container\" class=\"wpforms-field wpforms-field-checkbox\" data-field-id=\"15\"><label class=\"wpforms-field-label\">Checkboxes <span class=\"wpforms-required-label\">*<\/span><\/label><ul id=\"wpforms-229-field_15\" class=\"wpforms-field-required\"><li class=\"choice-1 depth-1\"><input type=\"checkbox\" id=\"wpforms-229-field_15_1\" name=\"wpforms[fields][15][]\" value=\"K\u00f8benhavn\" required ><label class=\"wpforms-field-label-inline\" for=\"wpforms-229-field_15_1\">K\u00f8benhavn<\/label><\/li><li class=\"choice-2 depth-1\"><input type=\"checkbox\" id=\"wpforms-229-field_15_2\" name=\"wpforms[fields][15][]\" value=\"Gelsted\" required ><label class=\"wpforms-field-label-inline\" for=\"wpforms-229-field_15_2\">Gelsted<\/label><\/li><\/ul><div class=\"wpforms-field-description\">Hvad hedder Danmark Hovedstad?<\/div><\/div><\/div><!-- .wpforms-field-container --><div class=\"wpforms-field wpforms-field-hp\"><label for=\"wpforms-229-field-hp\" class=\"wpforms-field-label\">Name<\/label><input type=\"text\" name=\"wpforms[hp]\" id=\"wpforms-229-field-hp\" class=\"wpforms-field-medium\"><\/div><div class=\"wpforms-submit-container\" ><input type=\"hidden\" name=\"wpforms[id]\" value=\"229\"><input type=\"hidden\" name=\"page_title\" value=\"\"><input type=\"hidden\" name=\"page_url\" value=\"http:\/\/gelstedvand.dk\/index.php?rest_route=\/wp\/v2\/pages\/195\"><input type=\"hidden\" name=\"url_referer\" value=\"\"><button type=\"submit\" name=\"wpforms[submit]\" id=\"wpforms-submit-229\" class=\"wpforms-submit\" data-alt-text=\"Sender...\" data-submit-text=\"Send\" aria-live=\"assertive\" value=\"wpforms-submit\">Send<\/button><\/div><\/form><\/div>  <!-- .wpforms-container -->\n<p><\/p>","protected":false},"excerpt":{"rendered":"<p>Ved flytning skal der indsendes en flyttemeddelelse til vandv\u00e6rket, s\u00e5 der kan foretages en opg\u00f8relse af vandforbruget. Nedenst\u00e5ende skema bedes anvendt til indsendelse af flyttemeddelelse.<\/p>\n","protected":false},"author":1,"featured_media":0,"parent":0,"menu_order":0,"comment_status":"closed","ping_status":"closed","template":"","meta":{"footnotes":""},"class_list":["post-195","page","type-page","status-publish","hentry"],"_links":{"self":[{"href":"http:\/\/gelstedvand.dk\/index.php?rest_route=\/wp\/v2\/pages\/195","targetHints":{"allow":["GET"]}}],"collection":[{"href":"http:\/\/gelstedvand.dk\/index.php?rest_route=\/wp\/v2\/pages"}],"about":[{"href":"http:\/\/gelstedvand.dk\/index.php?rest_route=\/wp\/v2\/types\/page"}],"author":[{"embeddable":true,"href":"http:\/\/gelstedvand.dk\/index.php?rest_route=\/wp\/v2\/users\/1"}],"replies":[{"embeddable":true,"href":"http:\/\/gelstedvand.dk\/index.php?rest_route=%2Fwp%2Fv2%2Fcomments&post=195"}],"version-history":[{"count":14,"href":"http:\/\/gelstedvand.dk\/index.php?rest_route=\/wp\/v2\/pages\/195\/revisions"}],"predecessor-version":[{"id":363,"href":"http:\/\/gelstedvand.dk\/index.php?rest_route=\/wp\/v2\/pages\/195\/revisions\/363"}],"wp:attachment":[{"href":"http:\/\/gelstedvand.dk\/index.php?rest_route=%2Fwp%2Fv2%2Fmedia&parent=195"}],"curies":[{"name":"wp","href":"https:\/\/api.w.org\/{rel}","templated":true}]}}