{"id":269,"date":"2018-05-24T21:56:04","date_gmt":"2018-05-24T19:56:04","guid":{"rendered":"http:\/\/gelstedvand.dk\/?page_id=269"},"modified":"2018-05-24T22:06:29","modified_gmt":"2018-05-24T20:06:29","slug":"privatlivspolitik","status":"publish","type":"page","link":"http:\/\/gelstedvand.dk\/?page_id=269","title":{"rendered":"Privatlivspolitik"},"content":{"rendered":"<h2>Hvem er vi<\/h2>\n<p>Vores webstedsadresse er: http:\/\/gelstedvand.dk.<\/p>\n<h2>Hvilke personlige data vi indsamler og hvorfor vi indsamler det<\/h2>\n<h3>Kontaktformularer<\/h3>\n<p>Hvis du skriver en kommentar, s\u00e5 bliver kommentarer og dens metadata bevaret p\u00e5 ubestemt tid. Dette er s\u00e5 vi kan genkende og godkende enhver opf\u00f8lgende kommentar automatisk i stedet for at have dem i en moderationsk\u00f8.<\/p>\n<h2>Hvilke rettigheder har du over dine data<\/h2>\n<p>Har skrevet kommentarer, kan du bede om en eksporteret fil med de personlige data vi har liggende om dig, heriblandt alt data, du har givet os. Du kan ogs\u00e5 bede om, at vi sletter alle personlige data, vi har om dig. Dette indbefatter ikke nogen form for data, som vi er forpligtede til at gemme af administrative, lovm\u00e6ssige eller sikkerhedsm\u00e6ssige grunde.<\/p>\n<h2>Hvor vi sender dine data<\/h2>\n<p>Bes\u00f8gendes kommentarer kan muligvis blive kontrolleret af en automatisk spam-genkendelse tjeneste.<\/p>\n<h2>Din kontaktinformation<\/h2>\n<h3><a href=\"http:\/\/gelstedvand.dk\/wp-content\/uploads\/2018\/05\/persondatapolitik.pdf\" target=\"_blank\" rel=\"noopener\">Hvordan vi beskytter dine data<\/a><\/h3>\n<h3><a href=\"http:\/\/gelstedvand.dk\/wp-content\/uploads\/2018\/05\/it-sikkerhedspolitik.pdf\" target=\"_blank\" rel=\"noopener\">Hvilke databrudsprocedurer vi har p\u00e5 plads.<\/a><\/h3>\n<h3><a href=\"http:\/\/gelstedvand.dk\/wp-content\/uploads\/2018\/05\/Dansk-afklaring-om-fjernafl\u00e6sning-i-forhold-til-Persondataforordningen.pdf\" target=\"_blank\" rel=\"noopener\">Hvilke tredjeparter vi modtager data fra<\/a><\/h3>\n<h3><\/h3>\n","protected":false},"excerpt":{"rendered":"<p>Hvem er vi Vores webstedsadresse er: http:\/\/gelstedvand.dk. Hvilke personlige data vi indsamler og hvorfor vi indsamler det Kontaktformularer Hvis du skriver en kommentar, s\u00e5 bliver kommentarer og dens metadata bevaret p\u00e5 ubestemt tid. Dette er s\u00e5 vi kan genkende og <a class=\"more-link\" href=\"http:\/\/gelstedvand.dk\/?page_id=269\">Forts\u00e6t l\u00e6sning  <span class=\"screen-reader-text\">  Privatlivspolitik<\/span><span class=\"meta-nav\">&rarr;<\/span><\/a><\/p>\n","protected":false},"author":1,"featured_media":0,"parent":0,"menu_order":0,"comment_status":"closed","ping_status":"closed","template":"","meta":{"footnotes":""},"class_list":["post-269","page","type-page","status-publish","hentry"],"_links":{"self":[{"href":"http:\/\/gelstedvand.dk\/index.php?rest_route=\/wp\/v2\/pages\/269","targetHints":{"allow":["GET"]}}],"collection":[{"href":"http:\/\/gelstedvand.dk\/index.php?rest_route=\/wp\/v2\/pages"}],"about":[{"href":"http:\/\/gelstedvand.dk\/index.php?rest_route=\/wp\/v2\/types\/page"}],"author":[{"embeddable":true,"href":"http:\/\/gelstedvand.dk\/index.php?rest_route=\/wp\/v2\/users\/1"}],"replies":[{"embeddable":true,"href":"http:\/\/gelstedvand.dk\/index.php?rest_route=%2Fwp%2Fv2%2Fcomments&post=269"}],"version-history":[{"count":5,"href":"http:\/\/gelstedvand.dk\/index.php?rest_route=\/wp\/v2\/pages\/269\/revisions"}],"predecessor-version":[{"id":278,"href":"http:\/\/gelstedvand.dk\/index.php?rest_route=\/wp\/v2\/pages\/269\/revisions\/278"}],"wp:attachment":[{"href":"http:\/\/gelstedvand.dk\/index.php?rest_route=%2Fwp%2Fv2%2Fmedia&parent=269"}],"curies":[{"name":"wp","href":"https:\/\/api.w.org\/{rel}","templated":true}]}}