{"id":566,"date":"2020-09-25T21:24:07","date_gmt":"2020-09-25T19:24:07","guid":{"rendered":"http:\/\/gelstedvand.dk\/?page_id=566"},"modified":"2023-03-18T09:09:41","modified_gmt":"2023-03-18T08:09:41","slug":"vedtaegter-nye","status":"publish","type":"page","link":"http:\/\/gelstedvand.dk\/?page_id=566","title":{"rendered":"Vedt\u00e6gter"},"content":{"rendered":"\n<p><strong>Vedt\u00e6gter for Gelsted Vand a.m.b.a. <\/strong><\/p>\n\n\n\n<h1 class=\"wp-block-heading\">\u00a7 1<\/h1>\n\n\n\n<p>Selskabet er et andelsselskab med\nbegr\u00e6nset ansvar, hvis navn er: Gelsted Vand a.m.b.a.<br>\nSelskabet har hjemsted i Gelsted, Middelfart Kommune.<\/p>\n\n\n\n<h1 class=\"wp-block-heading\">\u00a7 2 Form\u00e5l<\/h1>\n\n\n\n<p>Selskabets form\u00e5l er i overensstemmelse\nmed den til enhver tid g\u00e6ldende vandforsyningslov og det for vandv\u00e6rket\nfastsatte regulativ at forsyne ejendomme inden for vandv\u00e6rkets forsyningsomr\u00e5de\nmed godt og tilstr\u00e6kkeligt vand samt at varetage medlemmernes f\u00e6lles interesser\ni vandforsyningssp\u00f8rgsm\u00e5l samt deraf afledte forhold.<\/p>\n\n\n\n<h1 class=\"wp-block-heading\">\u00a7 3 Medlemmer<\/h1>\n\n\n\n<p>Enhver, der har tinglyst adkomst til\nfast ejendom i forsyningsomr\u00e5det, kan blive medlem af selskabet. Har en ejendom\nflere ejere, kan kun \u00e9n af disse v\u00e6re medlem.<\/p>\n\n\n\n<p>Den der har tinglyst adkomst til\nejendommen, kan give en anden myndig person, der er bosiddende p\u00e5 ejendommen,\nfuldmagt til at varetage sine interesser i selskabet og i selskabets\nbestyrelse. <\/p>\n\n\n\n<p>Ved fraflytning\naf ejendommen, udtr\u00e6der man automatisk af bestyrelsen.&nbsp;&nbsp;&nbsp;&nbsp;&nbsp;&nbsp;&nbsp;&nbsp;&nbsp;&nbsp;&nbsp;&nbsp;&nbsp;&nbsp;&nbsp;&nbsp;&nbsp;&nbsp;&nbsp;&nbsp;&nbsp;&nbsp;&nbsp;&nbsp;&nbsp;&nbsp;&nbsp;&nbsp;&nbsp;&nbsp;&nbsp;&nbsp;&nbsp;&nbsp; <\/p>\n\n\n\n<p>Den der har tinglyst adkomst til\nejendommen kan til enhver tid tilbagekalde en fuldmagt.&nbsp; <\/p>\n\n\n\n<p>For ejendomme, der er opdelt i\nejerlejligheder, er det ejerne af de enkelte ejerlejligheder, der er medlem,\nmed mindre andet er tinglyst p\u00e5 ejendommen.<\/p>\n\n\n\n<h1 class=\"wp-block-heading\">\u00a7 4 Medlemmernes rettigheder<\/h1>\n\n\n\n<p>Selskabets medlemmer har ret til at\nblive forsynet med vand p\u00e5 de vilk\u00e5r, der er fastsat i det af kommunen\ngodkendte regulativ.<\/p>\n\n\n\n<p>Ved indmeldelse oplyses om Gelsted Vand a.m.b.a.\nhjemmeside p\u00e5 internettet, hvor vedt\u00e6gter, regulativ og g\u00e6ldende takstblad m.m.\nkan l\u00e6ses eller downloades. S\u00e5fremt det nye medlem ikke har adgang til hjemmesiden,\nudleveres vedt\u00e6gter, regulativ samt takstblad p\u00e5 forlangende.<\/p>\n\n\n\n<h1 class=\"wp-block-heading\">&nbsp;<\/h1>\n\n\n\n<h1 class=\"wp-block-heading\">\u00a7 5 Medlemmernes forpligtelser og h\u00e6ftelser i \u00f8vrigt<\/h1>\n\n\n\n<p>For enhver af selskabets forpligtelser\nh\u00e6fter medlemmerne alene med den i selskabet indskudte kapital.<\/p>\n\n\n\n<p>Ethvert medlem indtr\u00e6der med alle de\nrettigheder og forpligtelser, der fremg\u00e5r af vandv\u00e6rkets regulativ og\ntakstblad, herunder betaling af anl\u00e6gsbidrag, samt af n\u00e6rv\u00e6rende vedt\u00e6gter.<\/p>\n\n\n\n<p>S\u00e5fremt et medlem overdrager sin\nejendom, er medlemmet &#8211; ved d\u00f8dsfald medlemmets bo &#8211; forpligtet til at drage\nomsorg for, at den nye ejer indtr\u00e6der i medlemmets forpligtelser overfor\nselskabet. N\u00e5r selskabet modtager meddelelse om ejerskifte, oph\u00f8rer medlemmets\nrettigheder og forpligtelser over for selskabet.<\/p>\n\n\n\n<p>Ethvert medlem er ansvarlig for sine\nlejere.<\/p>\n\n\n\n<h1 class=\"wp-block-heading\">&nbsp;<\/h1>\n\n\n\n<h1 class=\"wp-block-heading\">\u00a7 6 Udtr\u00e6den af selskabet<\/h1>\n\n\n\n<p>Udtr\u00e6den af selskabet kan ske ved grundens\noph\u00f8r som selvst\u00e6ndigt matrikelnummer, eller hvis ejendommen overf\u00f8res til\nandet forsyningsomr\u00e5de.<\/p>\n\n\n\n<p>S\u00e5fremt en grund oph\u00f8rer som\nselvst\u00e6ndigt matrikelnummer, afbrydes stikledningen fra forsyningsledningen, og\nmedlemmet udtr\u00e6der af selskabet.<\/p>\n\n\n\n<p>Ved udtr\u00e6den kan\nder ikke udbetales eller udloddes andel i selskabets formue, ligesom eventuelle\nomkostninger afholdes af medlemmet.<\/p>\n\n\n\n<h1 class=\"wp-block-heading\">\u00a7 7 Generalforsamling<\/h1>\n\n\n\n<p>Generalforsamlingen er selskabets\nh\u00f8jeste myndighed.<\/p>\n\n\n\n<p>Ordin\u00e6r\ngeneralforsamling afholdes hvert \u00e5r i marts m\u00e5ned.<\/p>\n\n\n\n<p>Indkaldelse til generalforsamlinger,\ns\u00e5vel ordin\u00e6re som ekstraordin\u00e6re, sker med mindst 14 dages varsel ved\nannoncering i lokal avis med angivelse af dagsorden samt p\u00e5 selskabets\nhjemmeside p\u00e5 internettet.<\/p>\n\n\n\n<p>Forslag skal for at kunne behandles p\u00e5\nordin\u00e6r generalforsamling, afgives til bestyrelsen senest den 15. februar.<\/p>\n\n\n\n<p>Dagsorden for den ordin\u00e6re\ngeneralforsamling skal mindst omfatte f\u00f8lgende punkter:<\/p>\n\n\n\n<ol class=\"wp-block-list\"><li>Valg af dirigent<\/li><li>Bestyrelsens beretning<\/li><li>Det reviderede regnskab forel\u00e6gges til godkendelse<\/li><li>Budget for det\/de kommende \u00e5r forel\u00e6gges til godkendelse<\/li><li>Behandling af indkomne forslag<\/li><li>Valg af medlemmer og suppleanter til bestyrelsen<\/li><li>Eventuelt<\/li><\/ol>\n\n\n\n<p>Ekstraordin\u00e6r generalforsamling kan\nindkaldes af bestyrelsen.<\/p>\n\n\n\n<p>Ekstraordin\u00e6r\ngeneralforsamling skal indkaldes, n\u00e5r mindst 20% af medlemmerne frems\u00e6tter\nskriftlig forlangende herom til bestyrelsen, ledsaget af en skriftlig &nbsp;dagsorden.<\/p>\n\n\n\n<p>I sidstn\u00e6vnte\ntilf\u00e6lde skal generalforsamlingen afholdes inden to m\u00e5neder efter modtagelsen\naf den skriftlige beg\u00e6ring, og dagsordenen skal freml\u00e6gges sammen med\nindkaldelsen.<\/p>\n\n\n\n<p>De p\u00e5 generalforsamlingen trufne\nbeslutninger indf\u00f8res i referat, der underskrives af dirigenten.<\/p>\n\n\n\n<h1 class=\"wp-block-heading\">&nbsp;<\/h1>\n\n\n\n<h1 class=\"wp-block-heading\">&nbsp;<\/h1>\n\n\n\n<h1 class=\"wp-block-heading\">\u00a7 8 Stemmeret og afstemninger<\/h1>\n\n\n\n<p>Hvert medlem har\n\u00e9n stemme, uanset vedkommende ejer flere &nbsp;ejendomme.<\/p>\n\n\n\n<p>Et medlem kan for\net andet medlemafgive stemme ved skriftlig fuldmagt. Et medlem kan dog\nudover egen stemme kun afgive yderligere \u00e9n stemme ved fuldmagt.<\/p>\n\n\n\n<p>Ethvert medlem\nkan kr\u00e6ve hemmelig afstemning. Afg\u00f8relser tr\u00e6ffes ved simpel stemmeflerhed.<\/p>\n\n\n\n<p>Forslag til\nvedt\u00e6gts\u00e6ndringer kan kun vedtages, n\u00e5r mindst 2\/3 af de stemmeberettigede er\ntil stede, og n\u00e5r mindst 2\/3 af disse stemmer for.<\/p>\n\n\n\n<p>Er kun den anden\naf disse betingelser opfyldt, kan forslaget vedtages p\u00e5 en efterf\u00f8lgende ekstraordin\u00e6r-\neller n\u00e6ste \u00e5rs ordin\u00e6re generalforsamling med 2\/3 af de afgivne stemmer, uanset\nantallet af fremm\u00f8dte stemmeberettigede.<\/p>\n\n\n\n<h1 class=\"wp-block-heading\">\u00a7 9 Bestyrelsen<\/h1>\n\n\n\n<p>Selskabets bestyrelse best\u00e5r af 7\nmedlemmer, valgt blandt medlemmerne for 2 \u00e5r ad gangen, idet der hvert \u00e5r p\u00e5\nden ordin\u00e6re generalforsamling afg\u00e5r skiftevis 4 og 3 medlemmer.<\/p>\n\n\n\n<p>Hvert \u00e5r v\u00e6lges 2 suppleanter. Efter\nopn\u00e5et stemmetal eller ved lodtr\u00e6kning v\u00e6lges 1. og 2. suppleant. Suppleanten\nindtr\u00e6der, n\u00e5r et bestyrelsesmedlem afg\u00e5r midt i en valgperiode. Den valgte\nsuppleant indtr\u00e6der i det afg\u00e5ede bestyrelsesmedlems resterende valgperiode.<\/p>\n\n\n\n<p>Genvalg af bestyrelsesmedlemmer og\nsuppleanter kan finde sted.<\/p>\n\n\n\n<p>Bestyrelsen konstituerer sig selv. Den\ner beslutningsdygtig, n\u00e5r mindst halvdelen af medlemmerne er til stede. <\/p>\n\n\n\n<p>Bestyrelsen kan til varetagelsen af den\ndaglige drift ans\u00e6tte forn\u00f8dent personale og ligeledes afholde de efter dens\neget sk\u00f8n n\u00f8dvendige udgifter til administration, reparation og\nvedligeholdelse.<\/p>\n\n\n\n<p>Bestyrelsen har ansvar for\nregnskabsf\u00f8relsen og opstiller \u00e5rsregnskab og budget.<\/p>\n\n\n\n<p>Bestyrelsen fasts\u00e6tter selv sin\nforretningsorden og f\u00f8rer referat, der underskrives af de tilstedev\u00e6rende\nbestyrelses-medlemmer.<\/p>\n\n\n\n<p>Anl\u00e6gsvirksomhed, der v\u00e6sentligt overstiger\ndet vedtagne budget, skal godkendes af generalforsamlingen.<\/p>\n\n\n\n<p>Bestyrelsen kan i tilf\u00e6lde af\novertr\u00e6delse af konkrete p\u00e5bud p\u00e5l\u00e6gge overtr\u00e6deren et gebyr.<\/p>\n\n\n\n<h1 class=\"wp-block-heading\">&nbsp;<\/h1>\n\n\n\n<h1 class=\"wp-block-heading\">\u00a7 10 Tegningsret<\/h1>\n\n\n\n<p>Selskabet tegnes af formanden og ved\ndennes frav\u00e6r af n\u00e6stformanden i forening med \u00e9t bestyrelsesmedlem.<\/p>\n\n\n\n<p>Ved k\u00f8b, salg eller pants\u00e6tning af fast\nejendom og ved udstedelse af g\u00e6ldsbeviser kr\u00e6ves dog hele bestyrelsens\nunderskrift.<\/p>\n\n\n\n<p>Bestyrelsen kan meddele prokura.<\/p>\n\n\n\n<h1 class=\"wp-block-heading\">\u00a7 11 Regnskab<\/h1>\n\n\n\n<p>Selskabets\nregnskabs\u00e5r l\u00f8ber fra den 1. januar til den 31. december.<\/p>\n\n\n\n<p>Den \u00e5rlige overd\u00e6kning, der m\u00e5tte\nfremkomme efter forsvarlige afskrivninger, kan ikke udbetales til medlemmerne.\nOverd\u00e6kningen skal nedbringes over en passende periode gennem takstneds\u00e6ttelser\nog\/eller investeringer i anl\u00e6g.<\/p>\n\n\n\n<p>Revision af regnskabet foretages af en af bestyrelsen eventuelt antaget godkendt revisor.<br>\u00c5rsregnskabet underskrives af revisorerne og bestyrelsen.<\/p>\n\n\n\n<h1 class=\"wp-block-heading\">\u00a7 12 Opl\u00f8sning<\/h1>\n\n\n\n<p>Opl\u00f8sning kan kun besluttes, s\u00e5fremt 3\/4\naf samtlige stemmeberettigede stemmer derfor. Dersom opl\u00f8sningen vil kunne ske\nuden indskr\u00e6nkning i forsyningsmulighederne, f.eks. ved fusion med et andet\nvandv\u00e6rk eller ved kommunal over-tagelse, kan opl\u00f8sningen dog besluttes efter\nde i \u00a7 8 angivne bestemmelser vedr\u00f8rende vedt\u00e6gts\u00e6ndringer.<\/p>\n\n\n\n<p>Ved beslutning om opl\u00f8sning, tr\u00e6ffer generalforsamlingen\nafg\u00f8relse om selskabets eventuelle aktiver til anvendelse i lokalomr\u00e5det,\nforst\u00e5et postnummer 5591 Gelsted.<\/p>\n\n\n\n<h1 class=\"wp-block-heading\">\u00a7 13 Ikrafttr\u00e6den<\/h1>\n\n\n\n<p>Selskabets vedt\u00e6gter er vedtaget p\u00e5 generalforsamlingen den 25. april 2017 senest \u00e6ndret p\u00e5 generalforsamlingen den 19. maj 2022.<\/p>\n\n\n\n<figure class=\"wp-block-table\"><table><tbody><tr><td>\n  <em>Formand\n  John Tr\u00e6dholm<\/em>\n  <\/td><td>\n  <em>Dirigent Kim Lund<\/em>\n  <em>&nbsp;<\/em>\n  <\/td><\/tr><tr><td>\n  <em>N\u00e6stformand Kim Lund<\/em>\n  <\/td><td>\n  <em>Steffen Nielsen<\/em>\n  <em>&nbsp;<\/em>\n  <\/td><\/tr><tr><td>   <em>Per Holst<\/em>   <\/td><td>\n  <em>Bjarne Jensen<\/em>\n  <em>&nbsp;<\/em>\n  <\/td><\/tr><tr><td>   <em>Niels J\u00f8rgen Madsen<\/em>   <em>&nbsp;<\/em>   <\/td><td>\n  <em>Bjarne Hansen<\/em>\n  <\/td><\/tr><\/tbody><\/table><\/figure>\n\n\n\n<p><\/p>\n","protected":false},"excerpt":{"rendered":"<p>Vedt\u00e6gter for Gelsted Vand a.m.b.a. \u00a7 1 Selskabet er et andelsselskab med begr\u00e6nset ansvar, hvis navn er: Gelsted Vand a.m.b.a. Selskabet har hjemsted i Gelsted, Middelfart Kommune. \u00a7 2 Form\u00e5l Selskabets form\u00e5l er i overensstemmelse med den til enhver tid <a class=\"more-link\" href=\"http:\/\/gelstedvand.dk\/?page_id=566\">Forts\u00e6t l\u00e6sning  <span class=\"screen-reader-text\">  Vedt\u00e6gter<\/span><span class=\"meta-nav\">&rarr;<\/span><\/a><\/p>\n","protected":false},"author":1,"featured_media":0,"parent":0,"menu_order":0,"comment_status":"closed","ping_status":"closed","template":"","meta":{"footnotes":""},"class_list":["post-566","page","type-page","status-publish","hentry"],"_links":{"self":[{"href":"http:\/\/gelstedvand.dk\/index.php?rest_route=\/wp\/v2\/pages\/566","targetHints":{"allow":["GET"]}}],"collection":[{"href":"http:\/\/gelstedvand.dk\/index.php?rest_route=\/wp\/v2\/pages"}],"about":[{"href":"http:\/\/gelstedvand.dk\/index.php?rest_route=\/wp\/v2\/types\/page"}],"author":[{"embeddable":true,"href":"http:\/\/gelstedvand.dk\/index.php?rest_route=\/wp\/v2\/users\/1"}],"replies":[{"embeddable":true,"href":"http:\/\/gelstedvand.dk\/index.php?rest_route=%2Fwp%2Fv2%2Fcomments&post=566"}],"version-history":[{"count":4,"href":"http:\/\/gelstedvand.dk\/index.php?rest_route=\/wp\/v2\/pages\/566\/revisions"}],"predecessor-version":[{"id":918,"href":"http:\/\/gelstedvand.dk\/index.php?rest_route=\/wp\/v2\/pages\/566\/revisions\/918"}],"wp:attachment":[{"href":"http:\/\/gelstedvand.dk\/index.php?rest_route=%2Fwp%2Fv2%2Fmedia&parent=566"}],"curies":[{"name":"wp","href":"https:\/\/api.w.org\/{rel}","templated":true}]}}