{"id":86,"date":"2017-07-03T21:33:07","date_gmt":"2017-07-03T19:33:07","guid":{"rendered":"http:\/\/gelstedvand.dk\/?page_id=86"},"modified":"2017-07-03T21:33:07","modified_gmt":"2017-07-03T19:33:07","slug":"klagemulighed","status":"publish","type":"page","link":"http:\/\/gelstedvand.dk\/?page_id=86","title":{"rendered":"Klagemulighed"},"content":{"rendered":"<div id=\"centercontent_md\">\n<div class=\"clearpad\">\n<div class=\"item-page\">\n<p><b>KLAGEMULIGHED<\/b><\/p>\n<p>Forbrugere kan indbringe klager vedr\u00f8rende tvister med vandforsyningen for:<\/p>\n<p><b>Konkurrence- og Forbrugerstyrelsen<br \/>\nCarl Jacobsens Vej 35<br \/>\n2500 Valby<br \/>\nwww.forbrug.dk<\/b><\/p>\n<p>Denne klageadgang er fastsat i forbrugerklagelovens kapitel 5 om mediation. Dette koster 100 kr., som ikke tilbagebetales. Er der ikke fundet en mindelig l\u00f8sning ved mediation, kan der klages til Forbrugerklagen\u00e6vnet. Dette koster 400 kr. Dette bel\u00f8b tilbagebetales, hvis klageren f\u00e5r medhold.<\/p>\n<p>Konkurrence- og Forbrugerstyrelsen kan fasts\u00e6tte bel\u00f8bsm\u00e6ssige over- og undergr\u00e6nser m.v. for st\u00f8rrelsen p\u00e5 det omtvistede bel\u00f8b, som betingelse for indbringelse af klager. L\u00e6s n\u00e6rmere herom p\u00e5 www.forbrug.dk.<\/p>\n<p align=\"center\"><b>Teksten er erstatning for teksten i den hidtil g\u00e6ldende vejledning om normalregulativ for almene vandforsyninger, Naturstyrelsen, 2014<\/b><\/p>\n<p>Forbrugerklagen\u00e6vnet kan behandle klager fra forbrugere over vandforsyningens afg\u00f8relser, herunder om overholdelse af regulativets bestemmelser, hvorvidt opkr\u00e6vning af takster m.v. sker i overensstemmelse med regulativet, for\u00e6ldelse af fordringer, konsekvensen af fejl p\u00e5 en vandm\u00e5ler samt fortolkning af takstbladets overensstemmelse med regulativet.<\/p>\n<\/div>\n<\/div>\n<\/div>\n","protected":false},"excerpt":{"rendered":"<p>KLAGEMULIGHED Forbrugere kan indbringe klager vedr\u00f8rende tvister med vandforsyningen for: Konkurrence- og Forbrugerstyrelsen Carl Jacobsens Vej 35 2500 Valby www.forbrug.dk Denne klageadgang er fastsat i forbrugerklagelovens kapitel 5 om mediation. Dette koster 100 kr., som ikke tilbagebetales. Er der ikke <a class=\"more-link\" href=\"http:\/\/gelstedvand.dk\/?page_id=86\">Forts\u00e6t l\u00e6sning  <span class=\"screen-reader-text\">  Klagemulighed<\/span><span class=\"meta-nav\">&rarr;<\/span><\/a><\/p>\n","protected":false},"author":1,"featured_media":0,"parent":0,"menu_order":0,"comment_status":"closed","ping_status":"closed","template":"","meta":{"footnotes":""},"class_list":["post-86","page","type-page","status-publish","hentry"],"_links":{"self":[{"href":"http:\/\/gelstedvand.dk\/index.php?rest_route=\/wp\/v2\/pages\/86","targetHints":{"allow":["GET"]}}],"collection":[{"href":"http:\/\/gelstedvand.dk\/index.php?rest_route=\/wp\/v2\/pages"}],"about":[{"href":"http:\/\/gelstedvand.dk\/index.php?rest_route=\/wp\/v2\/types\/page"}],"author":[{"embeddable":true,"href":"http:\/\/gelstedvand.dk\/index.php?rest_route=\/wp\/v2\/users\/1"}],"replies":[{"embeddable":true,"href":"http:\/\/gelstedvand.dk\/index.php?rest_route=%2Fwp%2Fv2%2Fcomments&post=86"}],"version-history":[{"count":1,"href":"http:\/\/gelstedvand.dk\/index.php?rest_route=\/wp\/v2\/pages\/86\/revisions"}],"predecessor-version":[{"id":87,"href":"http:\/\/gelstedvand.dk\/index.php?rest_route=\/wp\/v2\/pages\/86\/revisions\/87"}],"wp:attachment":[{"href":"http:\/\/gelstedvand.dk\/index.php?rest_route=%2Fwp%2Fv2%2Fmedia&parent=86"}],"curies":[{"name":"wp","href":"https:\/\/api.w.org\/{rel}","templated":true}]}}