{"id":952,"date":"2023-03-30T10:47:37","date_gmt":"2023-03-30T08:47:37","guid":{"rendered":"http:\/\/gelstedvand.dk\/?page_id=952"},"modified":"2023-03-30T10:48:14","modified_gmt":"2023-03-30T08:48:14","slug":"projekt-nyt-vandvaerk","status":"publish","type":"page","link":"http:\/\/gelstedvand.dk\/?page_id=952","title":{"rendered":"Projekt nyt vandv\u00e6rk"},"content":{"rendered":"\n<p>Gelsted Vand \u00f8nsker at fremtidssikre vandforsyningen for forbrugerne i Gelsted. Indtil 2017 blev borgerne i Gelsted forsynet fra 4 selvst\u00e6ndige vandv\u00e6rker. Efter sammenl\u00e6gningen har den nye bestyrelse arbejdet p\u00e5 at f\u00e5 samlet vandproduktionen p\u00e5 \u00e9n lokalitet og efter en n\u00f8jere granskning er placeringen ved Gr\u00f8nnegade valgt.<br>Gelsted Vand r\u00e5der over i alt 4 vandv\u00e6rksanl\u00e6g som alle er fra perioden 1960 -1970. Ikke alle vandbehandlingsanl\u00e6ggende lever op til tidens standart og i stedet for at renovere de enkelte anl\u00e6g er det besluttet at opf\u00f8re et nyt vandv\u00e6rk opdelt p\u00e5 to linjer.<br>Vandv\u00e6rket har v\u00e6ret udsendt i licitation, hvor KEMIC Vandrens kom med det mest fordelagtige tilbud.<br>Nedenst\u00e5ende visualiseringer viser hvordan det nye vandv\u00e6rk kommer til at se ud. Anl\u00e6gsarbejdet er opstartet sidst i marts og det nye vandv\u00e6rk forventes idriftsat i april 2024.<\/p>\n\n\n\n<p><\/p>\n\n\n\n<figure class=\"wp-block-image size-full\"><img loading=\"lazy\" decoding=\"async\" width=\"629\" height=\"373\" src=\"http:\/\/gelstedvand.dk\/wp-content\/uploads\/2023\/03\/nytvaerk1.png\" alt=\"\" class=\"wp-image-947\" srcset=\"http:\/\/gelstedvand.dk\/wp-content\/uploads\/2023\/03\/nytvaerk1.png 629w, http:\/\/gelstedvand.dk\/wp-content\/uploads\/2023\/03\/nytvaerk1-300x178.png 300w\" sizes=\"auto, (max-width: 629px) 100vw, 629px\" \/><\/figure>\n\n\n\n<figure class=\"wp-block-image size-full\"><img loading=\"lazy\" decoding=\"async\" width=\"629\" height=\"256\" src=\"http:\/\/gelstedvand.dk\/wp-content\/uploads\/2023\/03\/nytvaerk2.png\" alt=\"\" class=\"wp-image-948\" srcset=\"http:\/\/gelstedvand.dk\/wp-content\/uploads\/2023\/03\/nytvaerk2.png 629w, http:\/\/gelstedvand.dk\/wp-content\/uploads\/2023\/03\/nytvaerk2-300x122.png 300w\" sizes=\"auto, (max-width: 629px) 100vw, 629px\" \/><\/figure>\n\n\n\n<figure class=\"wp-block-image size-full\"><img loading=\"lazy\" decoding=\"async\" width=\"629\" height=\"374\" src=\"http:\/\/gelstedvand.dk\/wp-content\/uploads\/2023\/03\/nytvaerk3.png\" alt=\"\" class=\"wp-image-949\" srcset=\"http:\/\/gelstedvand.dk\/wp-content\/uploads\/2023\/03\/nytvaerk3.png 629w, http:\/\/gelstedvand.dk\/wp-content\/uploads\/2023\/03\/nytvaerk3-300x178.png 300w\" sizes=\"auto, (max-width: 629px) 100vw, 629px\" \/><\/figure>\n\n\n\n<figure class=\"wp-block-image size-full\"><img loading=\"lazy\" decoding=\"async\" width=\"629\" height=\"348\" src=\"http:\/\/gelstedvand.dk\/wp-content\/uploads\/2023\/03\/nytvaerk4.png\" alt=\"\" class=\"wp-image-950\" srcset=\"http:\/\/gelstedvand.dk\/wp-content\/uploads\/2023\/03\/nytvaerk4.png 629w, http:\/\/gelstedvand.dk\/wp-content\/uploads\/2023\/03\/nytvaerk4-300x166.png 300w\" sizes=\"auto, (max-width: 629px) 100vw, 629px\" \/><\/figure>\n\n\n\n<div class=\"wp-block-image\"><figure class=\"aligncenter size-full\"><img loading=\"lazy\" decoding=\"async\" width=\"371\" height=\"254\" src=\"http:\/\/gelstedvand.dk\/wp-content\/uploads\/2023\/03\/nytvaerk5.png\" alt=\"\" class=\"wp-image-951\" srcset=\"http:\/\/gelstedvand.dk\/wp-content\/uploads\/2023\/03\/nytvaerk5.png 371w, http:\/\/gelstedvand.dk\/wp-content\/uploads\/2023\/03\/nytvaerk5-300x205.png 300w\" sizes=\"auto, (max-width: 371px) 100vw, 371px\" \/><\/figure><\/div>\n","protected":false},"excerpt":{"rendered":"<p>Gelsted Vand \u00f8nsker at fremtidssikre vandforsyningen for forbrugerne i Gelsted. Indtil 2017 blev borgerne i Gelsted forsynet fra 4 selvst\u00e6ndige vandv\u00e6rker. Efter sammenl\u00e6gningen har den nye bestyrelse arbejdet p\u00e5 at f\u00e5 samlet vandproduktionen p\u00e5 \u00e9n lokalitet og efter en n\u00f8jere <a class=\"more-link\" href=\"http:\/\/gelstedvand.dk\/?page_id=952\">Forts\u00e6t l\u00e6sning  <span class=\"screen-reader-text\">  Projekt nyt vandv\u00e6rk<\/span><span class=\"meta-nav\">&rarr;<\/span><\/a><\/p>\n","protected":false},"author":1,"featured_media":0,"parent":0,"menu_order":0,"comment_status":"closed","ping_status":"closed","template":"","meta":{"footnotes":""},"class_list":["post-952","page","type-page","status-publish","hentry"],"_links":{"self":[{"href":"http:\/\/gelstedvand.dk\/index.php?rest_route=\/wp\/v2\/pages\/952","targetHints":{"allow":["GET"]}}],"collection":[{"href":"http:\/\/gelstedvand.dk\/index.php?rest_route=\/wp\/v2\/pages"}],"about":[{"href":"http:\/\/gelstedvand.dk\/index.php?rest_route=\/wp\/v2\/types\/page"}],"author":[{"embeddable":true,"href":"http:\/\/gelstedvand.dk\/index.php?rest_route=\/wp\/v2\/users\/1"}],"replies":[{"embeddable":true,"href":"http:\/\/gelstedvand.dk\/index.php?rest_route=%2Fwp%2Fv2%2Fcomments&post=952"}],"version-history":[{"count":1,"href":"http:\/\/gelstedvand.dk\/index.php?rest_route=\/wp\/v2\/pages\/952\/revisions"}],"predecessor-version":[{"id":953,"href":"http:\/\/gelstedvand.dk\/index.php?rest_route=\/wp\/v2\/pages\/952\/revisions\/953"}],"wp:attachment":[{"href":"http:\/\/gelstedvand.dk\/index.php?rest_route=%2Fwp%2Fv2%2Fmedia&parent=952"}],"curies":[{"name":"wp","href":"https:\/\/api.w.org\/{rel}","templated":true}]}}