{"id":1126,"date":"2024-04-15T20:31:08","date_gmt":"2024-04-15T18:31:08","guid":{"rendered":"http:\/\/gelstedvand.dk\/?page_id=1126"},"modified":"2026-04-07T07:45:05","modified_gmt":"2026-04-07T05:45:05","slug":"velkommen-2","status":"publish","type":"page","link":"https:\/\/gelstedvand.dk\/","title":{"rendered":"Velkommen"},"content":{"rendered":"\n<p>Info &#8211; vedr\u00f8rende l\u00e6kage-s\u00f8gning p\u00e5 forsyningsnettet.<\/p>\n\n\n\n<p>I den kommende tid vil vi i tidsrummet mellem 01 og 04 om natten k\u00f8re rundt og lukke ned for st\u00f8rre og mindre omr\u00e5der.<br>Vi beklager hvis vi v\u00e6kker hunden og hvis toilettet ikke lige vil skylle i det tidsrum, men det er den mest effektive og mest sk\u00e5nsomme metode til at lokalisere vandspild p\u00e5 ledningsnettet.<br><br>Dit Vandv\u00e6rk<\/p>\n\n\n\n\n\n<p>Seneste analyse<br><a href=\"http:\/\/gelstedvand.dk\/wp-content\/uploads\/2025\/11\/Analyserapport_11930-543028.pdf\" target=\"_blank\" rel=\"noreferrer noopener\">fra den 12. november 2025<\/a><br><a href=\"http:\/\/gelstedvand.dk\/wp-content\/uploads\/2026\/02\/Analyserapport_11930-580741.pdf\" data-type=\"link\" data-id=\"http:\/\/gelstedvand.dk\/wp-content\/uploads\/2026\/02\/Analyserapport_11930-580741.pdf\" target=\"_blank\" rel=\"noreferrer noopener\">fra den 4. februar 2026<\/a><\/p>\n\n\n\n<figure class=\"wp-block-image size-large\"><img loading=\"lazy\" decoding=\"async\" width=\"1024\" height=\"683\" src=\"http:\/\/gelstedvand.dk\/wp-content\/uploads\/2024\/03\/IMG_8627-1024x683.jpg\" alt=\"\" class=\"wp-image-1043\" srcset=\"https:\/\/gelstedvand.dk\/wp-content\/uploads\/2024\/03\/IMG_8627-1024x683.jpg 1024w, https:\/\/gelstedvand.dk\/wp-content\/uploads\/2024\/03\/IMG_8627-300x200.jpg 300w, https:\/\/gelstedvand.dk\/wp-content\/uploads\/2024\/03\/IMG_8627-768x512.jpg 768w, https:\/\/gelstedvand.dk\/wp-content\/uploads\/2024\/03\/IMG_8627-1536x1024.jpg 1536w, https:\/\/gelstedvand.dk\/wp-content\/uploads\/2024\/03\/IMG_8627-2048x1365.jpg 2048w\" sizes=\"auto, (max-width: 1024px) 100vw, 1024px\" \/><\/figure>\n\n\n\n<figure class=\"wp-block-image size-large\"><img loading=\"lazy\" decoding=\"async\" width=\"1024\" height=\"520\" src=\"http:\/\/gelstedvand.dk\/wp-content\/uploads\/2025\/05\/gv-1024x520.png\" alt=\"\" class=\"wp-image-1254\" srcset=\"https:\/\/gelstedvand.dk\/wp-content\/uploads\/2025\/05\/gv-1024x520.png 1024w, https:\/\/gelstedvand.dk\/wp-content\/uploads\/2025\/05\/gv-300x152.png 300w, https:\/\/gelstedvand.dk\/wp-content\/uploads\/2025\/05\/gv-768x390.png 768w, https:\/\/gelstedvand.dk\/wp-content\/uploads\/2025\/05\/gv.png 1237w\" sizes=\"auto, (max-width: 1024px) 100vw, 1024px\" \/><\/figure>\n\n\n\n<figure class=\"wp-block-gallery has-nested-images columns-default is-cropped wp-block-gallery-1 is-layout-flex wp-block-gallery-is-layout-flex\">\n<figure class=\"wp-block-image size-large\"><img loading=\"lazy\" decoding=\"async\" width=\"750\" height=\"520\" data-id=\"1212\" src=\"http:\/\/gelstedvand.dk\/wp-content\/uploads\/2024\/08\/Ansvar-Ny_jordledning-1.jpg\" alt=\"\" class=\"wp-image-1212\" srcset=\"https:\/\/gelstedvand.dk\/wp-content\/uploads\/2024\/08\/Ansvar-Ny_jordledning-1.jpg 750w, https:\/\/gelstedvand.dk\/wp-content\/uploads\/2024\/08\/Ansvar-Ny_jordledning-1-300x208.jpg 300w\" sizes=\"auto, (max-width: 750px) 100vw, 750px\" \/><\/figure>\n<\/figure>\n\n\n\n<p>Ny jordledning: Se, hvad der er forbrugerens ansvar<\/p>\n\n\n\n<figure class=\"wp-block-gallery has-nested-images columns-default is-cropped wp-block-gallery-2 is-layout-flex wp-block-gallery-is-layout-flex\">\n<figure class=\"wp-block-image size-large\"><img loading=\"lazy\" decoding=\"async\" width=\"693\" height=\"520\" data-id=\"1213\" src=\"http:\/\/gelstedvand.dk\/wp-content\/uploads\/2024\/08\/Ansvar-maalerbroend-edited-1.jpg\" alt=\"\" class=\"wp-image-1213\" srcset=\"https:\/\/gelstedvand.dk\/wp-content\/uploads\/2024\/08\/Ansvar-maalerbroend-edited-1.jpg 693w, https:\/\/gelstedvand.dk\/wp-content\/uploads\/2024\/08\/Ansvar-maalerbroend-edited-1-300x225.jpg 300w\" sizes=\"auto, (max-width: 693px) 100vw, 693px\" \/><\/figure>\n<\/figure>\n\n\n\n<p>M\u00e5lerbr\u00f8nd ved skel. Se, hvad der er forbrugerens ansvar.<\/p>\n\n\n\n<figure class=\"wp-block-image size-full is-resized\"><img loading=\"lazy\" decoding=\"async\" width=\"693\" height=\"520\" src=\"http:\/\/gelstedvand.dk\/wp-content\/uploads\/2024\/08\/Ansvar_Vandledningsnet-edited-1.jpg\" alt=\"\" class=\"wp-image-1214\" style=\"width:590px;height:auto\" srcset=\"https:\/\/gelstedvand.dk\/wp-content\/uploads\/2024\/08\/Ansvar_Vandledningsnet-edited-1.jpg 693w, https:\/\/gelstedvand.dk\/wp-content\/uploads\/2024\/08\/Ansvar_Vandledningsnet-edited-1-300x225.jpg 300w\" sizes=\"auto, (max-width: 693px) 100vw, 693px\" \/><\/figure>\n\n\n\n<blockquote class=\"wp-block-quote is-layout-flow wp-block-quote-is-layout-flow\">\n<p>Vandledningsnet: Skellet markerer ansvarsfordelingen for installationerne.<br><a href=\"https:\/\/danskevv.dk\/wp-content\/uploads\/Ansvar-maalerbroend-edited.jpg\" target=\"_blank\" rel=\"noreferrer noopener\"><\/a><\/p>\n<\/blockquote>\n\n\n\n<figure class=\"wp-block-gallery has-nested-images columns-default is-cropped wp-block-gallery-3 is-layout-flex wp-block-gallery-is-layout-flex\">\n<figure class=\"wp-block-image size-large\"><img loading=\"lazy\" decoding=\"async\" width=\"693\" height=\"520\" data-id=\"1217\" src=\"http:\/\/gelstedvand.dk\/wp-content\/uploads\/2024\/08\/Ansvar-Maaleransvar-edited.jpg\" alt=\"\" class=\"wp-image-1217\" srcset=\"https:\/\/gelstedvand.dk\/wp-content\/uploads\/2024\/08\/Ansvar-Maaleransvar-edited.jpg 693w, https:\/\/gelstedvand.dk\/wp-content\/uploads\/2024\/08\/Ansvar-Maaleransvar-edited-300x225.jpg 300w\" sizes=\"auto, (max-width: 693px) 100vw, 693px\" \/><\/figure>\n<\/figure>\n\n\n\n<p>Alle vandm\u00e5lere er altid vandv\u00e6rkets ansvar<\/p>\n","protected":false},"excerpt":{"rendered":"<p>Info &#8211; vedr\u00f8rende l\u00e6kage-s\u00f8gning p\u00e5 forsyningsnettet. I den kommende tid vil vi i tidsrummet mellem 01 og 04 om natten k\u00f8re rundt og lukke ned for st\u00f8rre og mindre omr\u00e5der.Vi beklager hvis vi v\u00e6kker hunden og hvis toilettet ikke lige <a class=\"more-link\" href=\"https:\/\/gelstedvand.dk\/\">Forts\u00e6t l\u00e6sning  <span class=\"screen-reader-text\">  Velkommen<\/span><span class=\"meta-nav\">&rarr;<\/span><\/a><\/p>\n","protected":false},"author":1,"featured_media":0,"parent":0,"menu_order":0,"comment_status":"closed","ping_status":"closed","template":"","meta":{"footnotes":""},"class_list":["post-1126","page","type-page","status-publish","hentry"],"_links":{"self":[{"href":"https:\/\/gelstedvand.dk\/index.php?rest_route=\/wp\/v2\/pages\/1126","targetHints":{"allow":["GET"]}}],"collection":[{"href":"https:\/\/gelstedvand.dk\/index.php?rest_route=\/wp\/v2\/pages"}],"about":[{"href":"https:\/\/gelstedvand.dk\/index.php?rest_route=\/wp\/v2\/types\/page"}],"author":[{"embeddable":true,"href":"https:\/\/gelstedvand.dk\/index.php?rest_route=\/wp\/v2\/users\/1"}],"replies":[{"embeddable":true,"href":"https:\/\/gelstedvand.dk\/index.php?rest_route=%2Fwp%2Fv2%2Fcomments&post=1126"}],"version-history":[{"count":46,"href":"https:\/\/gelstedvand.dk\/index.php?rest_route=\/wp\/v2\/pages\/1126\/revisions"}],"predecessor-version":[{"id":1330,"href":"https:\/\/gelstedvand.dk\/index.php?rest_route=\/wp\/v2\/pages\/1126\/revisions\/1330"}],"wp:attachment":[{"href":"https:\/\/gelstedvand.dk\/index.php?rest_route=%2Fwp%2Fv2%2Fmedia&parent=1126"}],"curies":[{"name":"wp","href":"https:\/\/api.w.org\/{rel}","templated":true}]}}