{"id":127,"date":"2017-07-04T22:46:46","date_gmt":"2017-07-04T20:46:46","guid":{"rendered":"http:\/\/gelstedvand.dk\/?page_id=127"},"modified":"2017-07-04T22:46:46","modified_gmt":"2017-07-04T20:46:46","slug":"misfarvet-vand","status":"publish","type":"page","link":"https:\/\/gelstedvand.dk\/?page_id=127","title":{"rendered":"Misfarvet vand"},"content":{"rendered":"<p>Hvad skyldes misfarvning af vandet?<\/p>\n<p>Det kan i korte perioder opleves, at der kommer misfarvet vand ud af vandhanen. Dette sker i forbindelse med et brud p\u00e5\u00a0vandledningen eller andre forstyrrelser i vandforsyningen. Vandet bliver r\u00f8dt, brunt eller sort og kan indeholde sorte partikler. Det kan ogs\u00e5 smage &#8220;metallisk&#8221;.<\/p>\n<p>Misfarvningen er uskadelig og uden sundhedsfare. Den skyldes et kortvarigt forh\u00f8jet indhold af jern og mangan i drikkevandet. Jern og mangan er ikke sundhedsfarlige, det er naturlige forekommende stoffer i grundvandet &#8211; f.eks. indeholder vitaminpiller\u00a0ogs\u00e5 jern og mangan.<\/p>\n<p>For stort indhold af jern kan dog give afsmitning p\u00e5 porcel\u00e6n og vasket\u00f8j &#8211; mangan kan give et fedtet og olieagtigt udseende og sm\u00e5 sorte partikler.<\/p>\n<p>Hvad sker der med vasket\u00f8jet?<\/p>\n<p>Hvis der er meget jern i vandet kan det, under uheldige omst\u00e6ndigheder, s\u00e6tte sig i vasket\u00f8jet. Hvis det sker er Forbrugerr\u00e5dets anbefaling:<\/p>\n<p>&#8220;T\u00f8jet l\u00e6gges i vand tilsat 1 dl citronsyre pr. 10 l vand. Efter en halv time vrides t\u00f8jet og vaskes igennem i en varm sodaopl\u00f8sning, med 3 dl soda til 10 l vand. T\u00f8jet skylles og f\u00e6rdigbehandles som efter normal vask&#8221;<\/p>\n<p>Lidt mere information om jern og mangan!<br \/>\nI vandv\u00e6rksboringer forekommer jern og mangan i varierende m\u00e6ngder. Ved behandling af vandet &#8211; iltning og filtrering \u2013 udskilles jern og mangan. Ved iltningen \u00e6ndres jern og mangans kemiske sammens\u00e6tning, s\u00e5 der dannes klumper. Disse udf\u00e6ldes og tilbageholdes i sandfiltrene.<\/p>\n<p>Uanset hvor effektiv vandv\u00e6rksbehandlingen er, kan det ikke undg\u00e5s, at der sker udf\u00e6ldning af jern og mangan i en vis udstr\u00e6kning i ledningsnettet ud til forbrugerne.<\/p>\n<p>N\u00e5r vandstr\u00f8mmen er ensartet &#8211; vandet l\u00f8ber samme vej og med samme tryk og styrke &#8211; forbliver det udf\u00e6ldede jern og mangan i ledningen. Men hvis der er brud p\u00e5 ledningen eller andet der bevirker, at vandstr\u00f8mmen \u00e6ndres eller trykket falder, s\u00e5 rives der jern- og manganpartikler med vandet.<\/p>\n<p>Vandforsyningen vil, efter brud, normalt s\u00f8rge for at der sker en gennemskylning af ledningsnettet til vandet er rent.<\/p>\n<p>&nbsp;<\/p>\n","protected":false},"excerpt":{"rendered":"<p>Hvad skyldes misfarvning af vandet? Det kan i korte perioder opleves, at der kommer misfarvet vand ud af vandhanen. Dette sker i forbindelse med et brud p\u00e5\u00a0vandledningen eller andre forstyrrelser i vandforsyningen. Vandet bliver r\u00f8dt, brunt eller sort og kan <a class=\"more-link\" href=\"https:\/\/gelstedvand.dk\/?page_id=127\">Forts\u00e6t l\u00e6sning  <span class=\"screen-reader-text\">  Misfarvet vand<\/span><span class=\"meta-nav\">&rarr;<\/span><\/a><\/p>\n","protected":false},"author":1,"featured_media":0,"parent":0,"menu_order":0,"comment_status":"closed","ping_status":"closed","template":"","meta":{"footnotes":""},"class_list":["post-127","page","type-page","status-publish","hentry"],"_links":{"self":[{"href":"https:\/\/gelstedvand.dk\/index.php?rest_route=\/wp\/v2\/pages\/127","targetHints":{"allow":["GET"]}}],"collection":[{"href":"https:\/\/gelstedvand.dk\/index.php?rest_route=\/wp\/v2\/pages"}],"about":[{"href":"https:\/\/gelstedvand.dk\/index.php?rest_route=\/wp\/v2\/types\/page"}],"author":[{"embeddable":true,"href":"https:\/\/gelstedvand.dk\/index.php?rest_route=\/wp\/v2\/users\/1"}],"replies":[{"embeddable":true,"href":"https:\/\/gelstedvand.dk\/index.php?rest_route=%2Fwp%2Fv2%2Fcomments&post=127"}],"version-history":[{"count":1,"href":"https:\/\/gelstedvand.dk\/index.php?rest_route=\/wp\/v2\/pages\/127\/revisions"}],"predecessor-version":[{"id":128,"href":"https:\/\/gelstedvand.dk\/index.php?rest_route=\/wp\/v2\/pages\/127\/revisions\/128"}],"wp:attachment":[{"href":"https:\/\/gelstedvand.dk\/index.php?rest_route=%2Fwp%2Fv2%2Fmedia&parent=127"}],"curies":[{"name":"wp","href":"https:\/\/api.w.org\/{rel}","templated":true}]}}