{"id":1271,"date":"2025-10-20T19:19:49","date_gmt":"2025-10-20T17:19:49","guid":{"rendered":"http:\/\/gelstedvand.dk\/?page_id=1271"},"modified":"2025-10-20T19:19:50","modified_gmt":"2025-10-20T17:19:50","slug":"boligenhed-del-2","status":"publish","type":"page","link":"https:\/\/gelstedvand.dk\/?page_id=1271","title":{"rendered":"Boligenhed del 2"},"content":{"rendered":"\n<p>Hvad best\u00e5r priserne af?<\/p>\n\n\n\n<p>Ved tilslutning af vand til nybyg eller ved \u00e6ndring af r\u00f8rdimension p\u00e5 din nuv\u00e6rende stikledning, s\u00e5 er der forskellige bidrag, der skal betales.<br><br>Du betaler et hovedanl\u00e6gsbidrag til Gelsted Vand for gravearbejde og anl\u00e6ggelse af stikledning. Dette bidrag betales \u00e9n gang pr. husstand p\u00e5 matriklen. Det vil sige at fx ved lejligheder, s\u00e5 betales der et hovedanl\u00e6gsbidrag for hver lejlighed p\u00e5 matriklen. Dette g\u00f8r sig ogs\u00e5 g\u00e6ldende for forsyningsledningsbidrag, hvor der ligeledes betales \u00e9t bidrag pr. husstand p\u00e5 matriklen. Udover disse to bidrag, s\u00e5 skal der betales et separat stikledningsbidrag for den stikledning, vi f\u00f8rer hen til matrikelskellet.<\/p>\n\n\n\n<figure class=\"wp-block-image size-full\"><img loading=\"lazy\" decoding=\"async\" width=\"700\" height=\"394\" src=\"http:\/\/gelstedvand.dk\/wp-content\/uploads\/2025\/10\/image-1.png\" alt=\"\" class=\"wp-image-1266\" srcset=\"https:\/\/gelstedvand.dk\/wp-content\/uploads\/2025\/10\/image-1.png 700w, https:\/\/gelstedvand.dk\/wp-content\/uploads\/2025\/10\/image-1-300x169.png 300w\" sizes=\"auto, (max-width: 700px) 100vw, 700px\" \/><\/figure>\n","protected":false},"excerpt":{"rendered":"<p>Hvad best\u00e5r priserne af? Ved tilslutning af vand til nybyg eller ved \u00e6ndring af r\u00f8rdimension p\u00e5 din nuv\u00e6rende stikledning, s\u00e5 er der forskellige bidrag, der skal betales. Du betaler et hovedanl\u00e6gsbidrag til Gelsted Vand for gravearbejde og anl\u00e6ggelse af stikledning. <a class=\"more-link\" href=\"https:\/\/gelstedvand.dk\/?page_id=1271\">Forts\u00e6t l\u00e6sning  <span class=\"screen-reader-text\">  Boligenhed del 2<\/span><span class=\"meta-nav\">&rarr;<\/span><\/a><\/p>\n","protected":false},"author":1,"featured_media":0,"parent":0,"menu_order":0,"comment_status":"closed","ping_status":"closed","template":"","meta":{"footnotes":""},"class_list":["post-1271","page","type-page","status-publish","hentry"],"_links":{"self":[{"href":"https:\/\/gelstedvand.dk\/index.php?rest_route=\/wp\/v2\/pages\/1271","targetHints":{"allow":["GET"]}}],"collection":[{"href":"https:\/\/gelstedvand.dk\/index.php?rest_route=\/wp\/v2\/pages"}],"about":[{"href":"https:\/\/gelstedvand.dk\/index.php?rest_route=\/wp\/v2\/types\/page"}],"author":[{"embeddable":true,"href":"https:\/\/gelstedvand.dk\/index.php?rest_route=\/wp\/v2\/users\/1"}],"replies":[{"embeddable":true,"href":"https:\/\/gelstedvand.dk\/index.php?rest_route=%2Fwp%2Fv2%2Fcomments&post=1271"}],"version-history":[{"count":2,"href":"https:\/\/gelstedvand.dk\/index.php?rest_route=\/wp\/v2\/pages\/1271\/revisions"}],"predecessor-version":[{"id":1273,"href":"https:\/\/gelstedvand.dk\/index.php?rest_route=\/wp\/v2\/pages\/1271\/revisions\/1273"}],"wp:attachment":[{"href":"https:\/\/gelstedvand.dk\/index.php?rest_route=%2Fwp%2Fv2%2Fmedia&parent=1271"}],"curies":[{"name":"wp","href":"https:\/\/api.w.org\/{rel}","templated":true}]}}