{"id":14,"date":"2017-05-16T17:41:48","date_gmt":"2017-05-16T15:41:48","guid":{"rendered":"http:\/\/gelstedvand.dk\/?page_id=14"},"modified":"2026-04-30T07:54:30","modified_gmt":"2026-04-30T05:54:30","slug":"takstblad","status":"publish","type":"page","link":"https:\/\/gelstedvand.dk\/?page_id=14","title":{"rendered":"\u00d8konomi"},"content":{"rendered":"\n<p><\/p>\n\n\n\n<figure class=\"wp-block-table\"><table><tbody><tr><td><\/td><td><a href=\"http:\/\/gelstedvand.dk\/wp-content\/uploads\/2019\/03\/\u00e5rsrapport-2018.pdf\" target=\"_blank\" rel=\"noreferrer noopener\">\u00c5rsrapport 2018<\/a><\/td><\/tr><tr><td><\/td><td><a href=\"http:\/\/gelstedvand.dk\/wp-content\/uploads\/2022\/01\/aarsregnskab-2019-sign-1.pdf\" target=\"_blank\" rel=\"noreferrer noopener\">\u00c5rsrapport 2019<\/a><\/td><\/tr><tr><td><\/td><td><a href=\"http:\/\/gelstedvand.dk\/wp-content\/uploads\/2022\/01\/aarsrapport-2020.pdf\" data-type=\"URL\" data-id=\"http:\/\/gelstedvand.dk\/wp-content\/uploads\/2022\/01\/aarsrapport-2020.pdf\" target=\"_blank\" rel=\"noreferrer noopener\">\u00c5rsrapport 2020<\/a><\/td><\/tr><tr><td><\/td><td><a href=\"http:\/\/gelstedvand.dk\/wp-content\/uploads\/2022\/04\/aarsrapport_2021.pdf\" target=\"_blank\" rel=\"noreferrer noopener\">\u00c5rsrapport 2021<\/a><\/td><\/tr><tr><td><a href=\"http:\/\/gelstedvand.dk\/wp-content\/uploads\/2022\/01\/Takstblad-2022.pdf\" target=\"_blank\" rel=\"noreferrer noopener\">Takstblad 2022<\/a><\/td><td><a href=\"http:\/\/gelstedvand.dk\/wp-content\/uploads\/2023\/03\/Gelsted_Vand_Aarsrapport_2022_generalforsamling.pdf.pdf\" target=\"_blank\" rel=\"noreferrer noopener\">\u00c5rsrapport 2022<\/a><\/td><\/tr><tr><td><a href=\"http:\/\/gelstedvand.dk\/wp-content\/uploads\/2022\/12\/Takstblad_2023_Gelsted_Vand.pdf\" target=\"_blank\" rel=\"noreferrer noopener\">Takstblad 2023<\/a><\/td><td><a href=\"http:\/\/gelstedvand.dk\/wp-content\/uploads\/2024\/03\/01_Gelsted_Vand_Aarsrapport_2023_generalforsamling.pdf.pdf\" target=\"_blank\" rel=\"noreferrer noopener\">\u00c5rsrapport 2023<\/a><\/td><\/tr><tr><td><a href=\"http:\/\/gelstedvand.dk\/wp-content\/uploads\/2024\/01\/Takstblad-2024.pdf\" data-type=\"link\" data-id=\"http:\/\/gelstedvand.dk\/wp-content\/uploads\/2024\/01\/Takstblad-2024.pdf\">Takstblad 2024<\/a><\/td><td><a href=\"http:\/\/gelstedvand.dk\/wp-content\/uploads\/2025\/04\/01_Gelsted_Vand_Aarsrapport_2024.pdf\">\u00c5rsrapport 2024<\/a><\/td><\/tr><tr><td><a href=\"http:\/\/gelstedvand.dk\/wp-content\/uploads\/2025\/01\/Takstblad-2025.pdf\" target=\"_blank\" rel=\"noreferrer noopener\">Takstblad 2025<\/a><\/td><td><a href=\"http:\/\/gelstedvand.dk\/wp-content\/uploads\/2026\/04\/Aarsrapport-2025-Gelsted-Vand.pdf\" data-type=\"link\" data-id=\"http:\/\/gelstedvand.dk\/wp-content\/uploads\/2026\/04\/Aarsrapport-2025-Gelsted-Vand.pdf\" target=\"_blank\" rel=\"noreferrer noopener\">\u00c5rsrapport 2025<\/a><\/td><\/tr><tr><td><a href=\"http:\/\/gelstedvand.dk\/wp-content\/uploads\/2026\/01\/Takstblad-2026.pdf\" data-type=\"link\" data-id=\"http:\/\/gelstedvand.dk\/wp-content\/uploads\/2026\/01\/Takstblad-2026.pdf\">Takstblad 2026<\/a><\/td><td><\/td><\/tr><\/tbody><\/table><\/figure>\n\n\n\n<figure class=\"wp-block-table\"><table class=\"has-fixed-layout\"><tbody><tr><td><\/td><td><\/td><\/tr><tr><td><\/td><td><\/td><\/tr><\/tbody><\/table><\/figure>\n\n\n\n<p><\/p>\n","protected":false},"excerpt":{"rendered":"<p>\u00c5rsrapport 2018 \u00c5rsrapport 2019 \u00c5rsrapport 2020 \u00c5rsrapport 2021 Takstblad 2022 \u00c5rsrapport 2022 Takstblad 2023 \u00c5rsrapport 2023 Takstblad 2024 \u00c5rsrapport 2024 Takstblad 2025 \u00c5rsrapport 2025 Takstblad 2026<\/p>\n","protected":false},"author":1,"featured_media":0,"parent":0,"menu_order":0,"comment_status":"closed","ping_status":"closed","template":"","meta":{"footnotes":""},"class_list":["post-14","page","type-page","status-publish","hentry"],"_links":{"self":[{"href":"https:\/\/gelstedvand.dk\/index.php?rest_route=\/wp\/v2\/pages\/14","targetHints":{"allow":["GET"]}}],"collection":[{"href":"https:\/\/gelstedvand.dk\/index.php?rest_route=\/wp\/v2\/pages"}],"about":[{"href":"https:\/\/gelstedvand.dk\/index.php?rest_route=\/wp\/v2\/types\/page"}],"author":[{"embeddable":true,"href":"https:\/\/gelstedvand.dk\/index.php?rest_route=\/wp\/v2\/users\/1"}],"replies":[{"embeddable":true,"href":"https:\/\/gelstedvand.dk\/index.php?rest_route=%2Fwp%2Fv2%2Fcomments&post=14"}],"version-history":[{"count":42,"href":"https:\/\/gelstedvand.dk\/index.php?rest_route=\/wp\/v2\/pages\/14\/revisions"}],"predecessor-version":[{"id":1354,"href":"https:\/\/gelstedvand.dk\/index.php?rest_route=\/wp\/v2\/pages\/14\/revisions\/1354"}],"wp:attachment":[{"href":"https:\/\/gelstedvand.dk\/index.php?rest_route=%2Fwp%2Fv2%2Fmedia&parent=14"}],"curies":[{"name":"wp","href":"https:\/\/api.w.org\/{rel}","templated":true}]}}