{"id":352,"date":"2019-01-29T19:49:18","date_gmt":"2019-01-29T18:49:18","guid":{"rendered":"http:\/\/gelstedvand.dk\/?page_id=352"},"modified":"2021-02-07T17:32:04","modified_gmt":"2021-02-07T16:32:04","slug":"kontrolsystem-for-vandmaalere-i-drift","status":"publish","type":"page","link":"https:\/\/gelstedvand.dk\/?page_id=352","title":{"rendered":"Kontrolsystem for vandm\u00e5lere i drift"},"content":{"rendered":"\n<p><\/p>\n\n\n\n<p><strong>Gelsted Vand a.m.b.a.<\/strong> har efter udskiftning af alle m\u00e5ler til elektroniske m\u00e5lere valgt stikpr\u00f8veudtagning af m\u00e5lere Jvf. M\u00e5leteknisk Direktiv MDIR 02.36-01<\/p>\n\n\n\n<div class=\"wp-block-image\"><figure class=\"aligncenter\"><img loading=\"lazy\" decoding=\"async\" width=\"150\" height=\"150\" src=\"http:\/\/gelstedvand.dk\/wp-content\/uploads\/2018\/09\/multical21-150x150.jpg\" alt=\"\" class=\"wp-image-318\" srcset=\"https:\/\/gelstedvand.dk\/wp-content\/uploads\/2018\/09\/multical21-150x150.jpg 150w, https:\/\/gelstedvand.dk\/wp-content\/uploads\/2018\/09\/multical21-300x300.jpg 300w, https:\/\/gelstedvand.dk\/wp-content\/uploads\/2018\/09\/multical21.jpg 310w\" sizes=\"auto, (max-width: 150px) 100vw, 150px\" \/><\/figure><\/div>\n\n\n\n<p><\/p>\n\n\n\n<p>D.v.s. at der hvert 8 \u00e5r udtages et antal m\u00e5lere til stikpr\u00f8vekontrol\u00a0 <\/p>\n","protected":false},"excerpt":{"rendered":"<p>Gelsted Vand a.m.b.a. har efter udskiftning af alle m\u00e5ler til elektroniske m\u00e5lere valgt stikpr\u00f8veudtagning af m\u00e5lere Jvf. M\u00e5leteknisk Direktiv MDIR 02.36-01 D.v.s. at der hvert 8 \u00e5r udtages et antal m\u00e5lere til stikpr\u00f8vekontrol\u00a0<\/p>\n","protected":false},"author":1,"featured_media":0,"parent":0,"menu_order":0,"comment_status":"closed","ping_status":"closed","template":"","meta":{"footnotes":""},"class_list":["post-352","page","type-page","status-publish","hentry"],"_links":{"self":[{"href":"https:\/\/gelstedvand.dk\/index.php?rest_route=\/wp\/v2\/pages\/352","targetHints":{"allow":["GET"]}}],"collection":[{"href":"https:\/\/gelstedvand.dk\/index.php?rest_route=\/wp\/v2\/pages"}],"about":[{"href":"https:\/\/gelstedvand.dk\/index.php?rest_route=\/wp\/v2\/types\/page"}],"author":[{"embeddable":true,"href":"https:\/\/gelstedvand.dk\/index.php?rest_route=\/wp\/v2\/users\/1"}],"replies":[{"embeddable":true,"href":"https:\/\/gelstedvand.dk\/index.php?rest_route=%2Fwp%2Fv2%2Fcomments&post=352"}],"version-history":[{"count":4,"href":"https:\/\/gelstedvand.dk\/index.php?rest_route=\/wp\/v2\/pages\/352\/revisions"}],"predecessor-version":[{"id":609,"href":"https:\/\/gelstedvand.dk\/index.php?rest_route=\/wp\/v2\/pages\/352\/revisions\/609"}],"wp:attachment":[{"href":"https:\/\/gelstedvand.dk\/index.php?rest_route=%2Fwp%2Fv2%2Fmedia&parent=352"}],"curies":[{"name":"wp","href":"https:\/\/api.w.org\/{rel}","templated":true}]}}