{"id":386,"date":"2019-03-29T19:24:28","date_gmt":"2019-03-29T18:24:28","guid":{"rendered":"http:\/\/gelstedvand.dk\/?page_id=386"},"modified":"2026-04-07T11:36:43","modified_gmt":"2026-04-07T09:36:43","slug":"aarsrapport","status":"publish","type":"page","link":"https:\/\/gelstedvand.dk\/?page_id=386","title":{"rendered":"\u00c5rsrapport"},"content":{"rendered":"\n<p><a rel=\"noreferrer noopener\" aria-label=\"\u00c5rsrapport 2018 (\u00e5bner i en ny fane)\" href=\"http:\/\/gelstedvand.dk\/wp-content\/uploads\/2019\/03\/\u00e5rsrapport-2018.pdf\" target=\"_blank\">\u00c5rsrapport 2018<\/a><\/p>\n\n\n\n<p><a rel=\"noreferrer noopener\" href=\"http:\/\/gelstedvand.dk\/wp-content\/uploads\/2022\/01\/aarsregnskab-2019-sign-1.pdf\" data-type=\"URL\" target=\"_blank\">\u00c5rsrapport 2019<\/a><\/p>\n\n\n\n<p><a rel=\"noreferrer noopener\" href=\"http:\/\/gelstedvand.dk\/wp-content\/uploads\/2022\/01\/aarsrapport-2020.pdf\" data-type=\"URL\" data-id=\"http:\/\/gelstedvand.dk\/wp-content\/uploads\/2022\/01\/aarsrapport-2020.pdf\" target=\"_blank\">\u00c5rsrapport 2020<\/a><\/p>\n\n\n\n<p><a href=\"http:\/\/gelstedvand.dk\/wp-content\/uploads\/2022\/04\/aarsrapport_2021.pdf\" data-type=\"URL\" data-id=\"http:\/\/gelstedvand.dk\/wp-content\/uploads\/2022\/04\/aarsrapport_2021.pdf\" target=\"_blank\" rel=\"noreferrer noopener\">\u00c5rsrapport 2021<\/a><\/p>\n\n\n\n<p><a href=\"http:\/\/gelstedvand.dk\/wp-content\/uploads\/2023\/03\/Gelsted_Vand_Aarsrapport_2022_generalforsamling.pdf.pdf\" data-type=\"URL\" data-id=\"http:\/\/gelstedvand.dk\/wp-content\/uploads\/2023\/03\/Gelsted_Vand_Aarsrapport_2022_generalforsamling.pdf.pdf\" target=\"_blank\" rel=\"noreferrer noopener\">\u00c5rsrapport 2022<\/a><\/p>\n\n\n\n<p><a href=\"http:\/\/gelstedvand.dk\/wp-content\/uploads\/2024\/03\/01_Gelsted_Vand_Aarsrapport_2023_generalforsamling.pdf.pdf\" target=\"_blank\" rel=\"noreferrer noopener\">\u00c5rsrapport <\/a><a href=\"http:\/\/gelstedvand.dk\/wp-content\/uploads\/2024\/03\/01_Gelsted_Vand_Aarsrapport_2023_generalforsamling.pdf.pdf\">2023<\/a><\/p>\n\n\n\n<p><a href=\"http:\/\/gelstedvand.dk\/wp-content\/uploads\/2025\/04\/01_Gelsted_Vand_Aarsrapport_2024.pdf\" target=\"_blank\" rel=\"noreferrer noopener\">\u00c5rsrapport 2024<\/a><\/p>\n\n\n\n<p><a href=\"http:\/\/gelstedvand.dk\/wp-content\/uploads\/2026\/04\/Aarsrapport-2025-Gelsted-Vand.pdf\" target=\"_blank\" rel=\"noreferrer noopener\">\u00c5rsrapport 2025<\/a><\/p>\n","protected":false},"excerpt":{"rendered":"<p>\u00c5rsrapport 2018 \u00c5rsrapport 2019 \u00c5rsrapport 2020 \u00c5rsrapport 2021 \u00c5rsrapport 2022 \u00c5rsrapport 2023 \u00c5rsrapport 2024 \u00c5rsrapport 2025<\/p>\n","protected":false},"author":1,"featured_media":0,"parent":0,"menu_order":0,"comment_status":"closed","ping_status":"closed","template":"","meta":{"footnotes":""},"class_list":["post-386","page","type-page","status-publish","hentry"],"_links":{"self":[{"href":"https:\/\/gelstedvand.dk\/index.php?rest_route=\/wp\/v2\/pages\/386","targetHints":{"allow":["GET"]}}],"collection":[{"href":"https:\/\/gelstedvand.dk\/index.php?rest_route=\/wp\/v2\/pages"}],"about":[{"href":"https:\/\/gelstedvand.dk\/index.php?rest_route=\/wp\/v2\/types\/page"}],"author":[{"embeddable":true,"href":"https:\/\/gelstedvand.dk\/index.php?rest_route=\/wp\/v2\/users\/1"}],"replies":[{"embeddable":true,"href":"https:\/\/gelstedvand.dk\/index.php?rest_route=%2Fwp%2Fv2%2Fcomments&post=386"}],"version-history":[{"count":19,"href":"https:\/\/gelstedvand.dk\/index.php?rest_route=\/wp\/v2\/pages\/386\/revisions"}],"predecessor-version":[{"id":1335,"href":"https:\/\/gelstedvand.dk\/index.php?rest_route=\/wp\/v2\/pages\/386\/revisions\/1335"}],"wp:attachment":[{"href":"https:\/\/gelstedvand.dk\/index.php?rest_route=%2Fwp%2Fv2%2Fmedia&parent=386"}],"curies":[{"name":"wp","href":"https:\/\/api.w.org\/{rel}","templated":true}]}}