{"id":76,"date":"2017-07-03T21:15:13","date_gmt":"2017-07-03T19:15:13","guid":{"rendered":"http:\/\/gelstedvand.dk\/?page_id=76"},"modified":"2026-04-30T07:55:53","modified_gmt":"2026-04-30T05:55:53","slug":"bestyrelsen-bj","status":"publish","type":"page","link":"https:\/\/gelstedvand.dk\/?page_id=76","title":{"rendered":"Bestyrelsen"},"content":{"rendered":"\n<div class=\"wp-block-group\"><div class=\"wp-block-group__inner-container is-layout-constrained wp-block-group-is-layout-constrained\">\n<p><strong>Bestyrelsen pr. 26. marts 2026<\/strong><\/p>\n<table>\n<tbody>\n<tr>\n<td width=\"224\">Formand<\/td>\n<td width=\"411\">Kim Lund<br \/>Dalbovej 12<br \/>5591 Gelsted<br \/>2425 1682<br \/>formand@gelstedvand.dk<\/td>\n<\/tr>\n<tr>\n<td width=\"224\">\u00a0N\u00e6stformand<\/td>\n<td width=\"411\">Per Holst Christensen<br \/>S\u00f8ndergade 120<br \/>5591 Gelsted<br \/>naestformand@gelstedvand.dk<\/td>\n<\/tr>\n<tr>\n<td width=\"224\">Kasserer<\/td>\n<td width=\"411\">Kasserer\u00a0Carsten Jensen<br \/>Kingstrupvej 80<br \/>5592 Ejby<br \/>kasserer@gelstedvand.dk<br \/>2020 9372<\/td>\n<\/tr>\n<tr>\n<td width=\"224\">Bestyrelsesmedlem<\/td>\n<td width=\"411\">Bestyrelsesmedlem <br \/>Mads Christoffersen<br \/>Tornh\u00f8jvangen 21<br \/>5591 Gelsted<br \/>mads@gelstedvand.dk<\/td>\n<\/tr>\n<tr>\n<td width=\"224\">Bestyrelsesmedlem<\/td>\n<td width=\"411\">\n<p>Niels J\u00f8rgen Madsen<br \/>S\u00f8ndergade 17<br \/>5591 Gelsted<br \/>njm@gelstedvand.dk<\/p>\n<\/td>\n<\/tr>\n<tr>\n<td width=\"224\">Bestyrelsesmedlem<\/td>\n<td width=\"411\">Jonas M\u00f8lleg\u00e5rd<br \/>Skaboes Gyde 12<br \/>5591 Gelsted<br \/>jonas@gelstedvand.dk<\/td>\n<\/tr>\n<tr>\n<td width=\"224\">Sekret\u00e6r<\/td>\n<td width=\"411\">Bjarne Jensen<br \/>Agerstien 40<br \/>5591 Gelsted<br \/>sekretaer@gelstedvand.dk<\/td>\n<\/tr>\n<tr>\n<td width=\"224\">\u00a0<\/td>\n<td width=\"411\">\n<p><a href=\"http:\/\/gelstedvand.dk\/wp-content\/uploads\/2026\/04\/dagsorden_beretning_scan_2026.pdf\" target=\"_blank\" rel=\"noopener\">Fra sidste generalforsamling<\/a><\/p>\n<\/td>\n<\/tr>\n<\/tbody>\n<\/table>\n<p><!--more--><\/p>\n<\/div><\/div>\n\n\n\n<p><\/p>\n","protected":false},"excerpt":{"rendered":"<p>Bestyrelsen pr. 26. marts 2026 Formand Kim LundDalbovej 125591 Gelsted2425 1682formand@gelstedvand.dk \u00a0N\u00e6stformand Per Holst ChristensenS\u00f8ndergade 1205591 Gelstednaestformand@gelstedvand.dk Kasserer Kasserer\u00a0Carsten JensenKingstrupvej 805592 Ejbykasserer@gelstedvand.dk2020 9372 Bestyrelsesmedlem Bestyrelsesmedlem Mads ChristoffersenTornh\u00f8jvangen 215591 Gelstedmads@gelstedvand.dk Bestyrelsesmedlem Niels J\u00f8rgen MadsenS\u00f8ndergade 175591 Gelstednjm@gelstedvand.dk Bestyrelsesmedlem Jonas M\u00f8lleg\u00e5rdSkaboes Gyde 125591 <a class=\"more-link\" href=\"https:\/\/gelstedvand.dk\/?page_id=76\">Forts\u00e6t l\u00e6sning  <span class=\"screen-reader-text\">  Bestyrelsen<\/span><span class=\"meta-nav\">&rarr;<\/span><\/a><\/p>\n","protected":false},"author":1,"featured_media":0,"parent":0,"menu_order":0,"comment_status":"closed","ping_status":"closed","template":"","meta":{"footnotes":""},"class_list":["post-76","page","type-page","status-publish","hentry"],"_links":{"self":[{"href":"https:\/\/gelstedvand.dk\/index.php?rest_route=\/wp\/v2\/pages\/76","targetHints":{"allow":["GET"]}}],"collection":[{"href":"https:\/\/gelstedvand.dk\/index.php?rest_route=\/wp\/v2\/pages"}],"about":[{"href":"https:\/\/gelstedvand.dk\/index.php?rest_route=\/wp\/v2\/types\/page"}],"author":[{"embeddable":true,"href":"https:\/\/gelstedvand.dk\/index.php?rest_route=\/wp\/v2\/users\/1"}],"replies":[{"embeddable":true,"href":"https:\/\/gelstedvand.dk\/index.php?rest_route=%2Fwp%2Fv2%2Fcomments&post=76"}],"version-history":[{"count":33,"href":"https:\/\/gelstedvand.dk\/index.php?rest_route=\/wp\/v2\/pages\/76\/revisions"}],"predecessor-version":[{"id":1355,"href":"https:\/\/gelstedvand.dk\/index.php?rest_route=\/wp\/v2\/pages\/76\/revisions\/1355"}],"wp:attachment":[{"href":"https:\/\/gelstedvand.dk\/index.php?rest_route=%2Fwp%2Fv2%2Fmedia&parent=76"}],"curies":[{"name":"wp","href":"https:\/\/api.w.org\/{rel}","templated":true}]}}