{"id":761,"date":"2022-01-06T17:57:23","date_gmt":"2022-01-06T16:57:23","guid":{"rendered":"http:\/\/gelstedvand.dk\/?page_id=761"},"modified":"2024-12-14T20:29:08","modified_gmt":"2024-12-14T19:29:08","slug":"analyser-fra-vores-forsyningsomraade","status":"publish","type":"page","link":"https:\/\/gelstedvand.dk\/?page_id=761","title":{"rendered":"Analyser fra vores forsyningsomr\u00e5de"},"content":{"rendered":"\n<figure class=\"wp-block-table is-style-stripes\"><table><tbody><tr><td class=\"has-text-align-center\" data-align=\"center\"><a href=\"http:\/\/gelstedvand.dk\/wp-content\/uploads\/2023\/01\/report_437508.pdf\" data-type=\"URL\" data-id=\"http:\/\/gelstedvand.dk\/wp-content\/uploads\/2023\/01\/report_437508.pdf\" target=\"_blank\" rel=\"noreferrer noopener\">H\u00f8nnerup og Kingstrup omr\u00e5det<\/a><\/td><\/tr><tr><td class=\"has-text-align-center\" data-align=\"center\"><a href=\"http:\/\/gelstedvand.dk\/wp-content\/uploads\/2023\/01\/report_437484.pdf\" data-type=\"URL\" data-id=\"http:\/\/gelstedvand.dk\/wp-content\/uploads\/2023\/01\/report_437484.pdf\" target=\"_blank\" rel=\"noreferrer noopener\">Gelsted Nord omr\u00e5det<\/a><\/td><\/tr><tr><td class=\"has-text-align-center\" data-align=\"center\"><a href=\"http:\/\/gelstedvand.dk\/wp-content\/uploads\/2023\/01\/report_437517.pdf\" data-type=\"URL\" data-id=\"http:\/\/gelstedvand.dk\/wp-content\/uploads\/2023\/01\/report_437517.pdf\" target=\"_blank\" rel=\"noreferrer noopener\">Gelsted Syd omr\u00e5det<\/a><\/td><\/tr><tr><td class=\"has-text-align-center\" data-align=\"center\"><a href=\"http:\/\/gelstedvand.dk\/wp-content\/uploads\/2023\/01\/report_437443.pdf\" data-type=\"URL\" data-id=\"http:\/\/gelstedvand.dk\/wp-content\/uploads\/2023\/01\/report_437443.pdf\" target=\"_blank\" rel=\"noreferrer noopener\">Lungh\u00f8j og \u00d8rslev omr\u00e5det<\/a><\/td><\/tr><tr><td class=\"has-text-align-center\" data-align=\"center\">Gelsted Vand a.m.b.a. bliver i dag forsynet fra vandv\u00e6rket p\u00e5 Gr\u00f8nnegade.<\/td><\/tr><\/tbody><\/table><\/figure>\n","protected":false},"excerpt":{"rendered":"<p>H\u00f8nnerup og Kingstrup omr\u00e5det Gelsted Nord omr\u00e5det Gelsted Syd omr\u00e5det Lungh\u00f8j og \u00d8rslev omr\u00e5det Gelsted Vand a.m.b.a. bliver i dag forsynet fra vandv\u00e6rket p\u00e5 Gr\u00f8nnegade.<\/p>\n","protected":false},"author":1,"featured_media":0,"parent":0,"menu_order":0,"comment_status":"closed","ping_status":"closed","template":"","meta":{"footnotes":""},"class_list":["post-761","page","type-page","status-publish","hentry"],"_links":{"self":[{"href":"https:\/\/gelstedvand.dk\/index.php?rest_route=\/wp\/v2\/pages\/761","targetHints":{"allow":["GET"]}}],"collection":[{"href":"https:\/\/gelstedvand.dk\/index.php?rest_route=\/wp\/v2\/pages"}],"about":[{"href":"https:\/\/gelstedvand.dk\/index.php?rest_route=\/wp\/v2\/types\/page"}],"author":[{"embeddable":true,"href":"https:\/\/gelstedvand.dk\/index.php?rest_route=\/wp\/v2\/users\/1"}],"replies":[{"embeddable":true,"href":"https:\/\/gelstedvand.dk\/index.php?rest_route=%2Fwp%2Fv2%2Fcomments&post=761"}],"version-history":[{"count":27,"href":"https:\/\/gelstedvand.dk\/index.php?rest_route=\/wp\/v2\/pages\/761\/revisions"}],"predecessor-version":[{"id":1226,"href":"https:\/\/gelstedvand.dk\/index.php?rest_route=\/wp\/v2\/pages\/761\/revisions\/1226"}],"wp:attachment":[{"href":"https:\/\/gelstedvand.dk\/index.php?rest_route=%2Fwp%2Fv2%2Fmedia&parent=761"}],"curies":[{"name":"wp","href":"https:\/\/api.w.org\/{rel}","templated":true}]}}