{"id":89,"date":"2017-07-03T21:59:48","date_gmt":"2017-07-03T19:59:48","guid":{"rendered":"http:\/\/gelstedvand.dk\/?page_id=89"},"modified":"2021-02-16T20:16:46","modified_gmt":"2021-02-16T19:16:46","slug":"vandmaalerskift","status":"publish","type":"page","link":"https:\/\/gelstedvand.dk\/?page_id=89","title":{"rendered":"Vandm\u00e5lerskift"},"content":{"rendered":"<div id=\"main\">\n<div id=\"wrapper\">\n<div id=\"main-content\">\n<div id=\"centercontent_md\">\n<div class=\"clearpad\">\n<div class=\"item-page\">\n<h2>Udskiftning af vandm\u00e5lere<\/h2>\n<p>Udskiftning og kontrol af vandm\u00e5lere sker i henhold til g\u00e6ldende regler om\u00a0<a href=\"https:\/\/www.retsinformation.dk\/Forms\/R0710.aspx?id=27367\">kontrol af vandm\u00e5lere<\/a>\u00a0(Bekendtg\u00f8relse om m\u00e5lerteknisk kontrol med m\u00e5lere).<\/p>\n<p>Bestyrelsen har denne forbindelse besluttet at skifte vandm\u00e5lere hos vore forbruger der f\u00f8rhen tilh\u00f8rte Lungh\u00f8j Vandv\u00e6rk og Gelsted Vandv\u00e6rk i 2017.\u00a0<span style=\"font-size: 15px; font-weight: 300;\">De nye tidssvarende vandm\u00e5lere g\u00f8r, at \u00e5rsafl\u00e6sningen sker via fjernafl\u00e6sning<\/span>.\u00a0Det er dog stadigv\u00e6k forbrugerens <strong>opgave og pligt<\/strong> j\u00e6vnligt at holde \u00f8je med forbruget af vand ikke overstiger forventet forbrug.<\/p>\n<p>Dette betyder, at de\u00a0ejendomme vi forsyner med drikkevand i omr\u00e5det, vil f\u00e5 bes\u00f8g af en af vores mont\u00f8rer (fra Fyns Vandv\u00e6rks- og Ledningsservice). Du vil i god tid\u00a0forinden modtage brev med dato og tidspunkt for udskiftningen hos dig.<\/p>\n<p>Du vil blive bedt om at tjekke din installation, idet det er foruds\u00e6tning at haner og ventiler\u00a0fungere for\u00a0at vi kan foretage udskiftningen. M\u00e5lerinstallationen skal i \u00f8vrigt opfylde vores\u00a0krav til dens indretning.<\/p>\n<p>N\u00e5r vandm\u00e5leren er udskiftet, vil du f\u00e5 en\u00a0seddel\u00a0med oplysning om udskiftnings dagen samt m\u00e5lerstand p\u00e5 den nedtagne vandm\u00e5ler.<\/p>\n<p>Selve vandm\u00e5leren ejes af vandforsyningen. Den \u00f8vrige vandinstallation\u00a0p\u00e5 ejendommen har ejeren\u00a0ansvaret for.<\/p>\n<p><img loading=\"lazy\" decoding=\"async\" class=\"size-medium wp-image-408 aligncenter\" src=\"http:\/\/gelstedvand.dk\/wp-content\/uploads\/2019\/05\/ansvarsfordeling-vandmaaler-300x169.png\" alt=\"\" width=\"300\" height=\"169\" srcset=\"https:\/\/gelstedvand.dk\/wp-content\/uploads\/2019\/05\/ansvarsfordeling-vandmaaler-300x169.png 300w, https:\/\/gelstedvand.dk\/wp-content\/uploads\/2019\/05\/ansvarsfordeling-vandmaaler-768x432.png 768w, https:\/\/gelstedvand.dk\/wp-content\/uploads\/2019\/05\/ansvarsfordeling-vandmaaler-1024x576.png 1024w, https:\/\/gelstedvand.dk\/wp-content\/uploads\/2019\/05\/ansvarsfordeling-vandmaaler.png 1280w\" sizes=\"auto, (max-width: 300px) 100vw, 300px\" \/><\/p>\n<p><b>Check hanen f\u00f8r m\u00e5leren<br \/>\n<\/b>Den hane\/ventil, der er placeret f\u00f8r vandm\u00e5leren, skal fungere, s\u00e5 der kan lukkes for vandet i forbindelse med udskiftning af vandm\u00e5ler.<br \/>\nKan ventilen\/hanen ikke lukkes, b\u00f8r tilkaldes en blikkenslager, s\u00e5 ventilen virker, f\u00f8r der laves aftaler med vandv\u00e6rket om m\u00e5lerudskiftninger.<\/p>\n<p><b>Placering af vandm\u00e5ler<br \/>\n<\/b>Det er vigtigt, at vandm\u00e5lere er opsat korrekt, s\u00e5 der kan udf\u00f8res reparationer og afl\u00e6sninger. V\u00e6r opm\u00e6rksom p\u00e5 at ops\u00e6tning af skabe og andre m\u00f8bler omkring vandm\u00e5leren ikke er hensigtsm\u00e6ssigt, da det kan hindre adgangen til vandm\u00e5leren.<br \/>\nDet er til enhver tid vandv\u00e6rket som kan afg\u00f8re, hvorvidt en vandm\u00e5ler sidder korrekt. Sp\u00f8rgsm\u00e5l til ops\u00e6tning kan rettes til Vandv\u00e6rket<\/p>\n<p>Vandv\u00e6rket har ikke ansvar for r\u00f8rinstallationer p\u00e5 ejendomme og m\u00e5 derfor ikke reparere s\u00e5danne ventiler.<br \/>\nKan vandinstallationerne ikke t\u00e5le en m\u00e5lerudskiftning, f.eks. p\u00e5 grund af sk\u00f8re\/rustne vandr\u00f8r, skal ejendommens ejer selv s\u00f8rge for, at vandinstallationerne bringes i orden og selv betale omkostningerne hertil.<\/p>\n<\/div>\n<\/div>\n<\/div>\n<\/div>\n<\/div>\n<\/div>\n","protected":false},"excerpt":{"rendered":"<p>Udskiftning af vandm\u00e5lere Udskiftning og kontrol af vandm\u00e5lere sker i henhold til g\u00e6ldende regler om\u00a0kontrol af vandm\u00e5lere\u00a0(Bekendtg\u00f8relse om m\u00e5lerteknisk kontrol med m\u00e5lere). Bestyrelsen har denne forbindelse besluttet at skifte vandm\u00e5lere hos vore forbruger der f\u00f8rhen tilh\u00f8rte Lungh\u00f8j Vandv\u00e6rk og Gelsted <a class=\"more-link\" href=\"https:\/\/gelstedvand.dk\/?page_id=89\">Forts\u00e6t l\u00e6sning  <span class=\"screen-reader-text\">  Vandm\u00e5lerskift<\/span><span class=\"meta-nav\">&rarr;<\/span><\/a><\/p>\n","protected":false},"author":1,"featured_media":0,"parent":0,"menu_order":0,"comment_status":"closed","ping_status":"closed","template":"","meta":{"footnotes":""},"class_list":["post-89","page","type-page","status-publish","hentry"],"_links":{"self":[{"href":"https:\/\/gelstedvand.dk\/index.php?rest_route=\/wp\/v2\/pages\/89","targetHints":{"allow":["GET"]}}],"collection":[{"href":"https:\/\/gelstedvand.dk\/index.php?rest_route=\/wp\/v2\/pages"}],"about":[{"href":"https:\/\/gelstedvand.dk\/index.php?rest_route=\/wp\/v2\/types\/page"}],"author":[{"embeddable":true,"href":"https:\/\/gelstedvand.dk\/index.php?rest_route=\/wp\/v2\/users\/1"}],"replies":[{"embeddable":true,"href":"https:\/\/gelstedvand.dk\/index.php?rest_route=%2Fwp%2Fv2%2Fcomments&post=89"}],"version-history":[{"count":5,"href":"https:\/\/gelstedvand.dk\/index.php?rest_route=\/wp\/v2\/pages\/89\/revisions"}],"predecessor-version":[{"id":626,"href":"https:\/\/gelstedvand.dk\/index.php?rest_route=\/wp\/v2\/pages\/89\/revisions\/626"}],"wp:attachment":[{"href":"https:\/\/gelstedvand.dk\/index.php?rest_route=%2Fwp%2Fv2%2Fmedia&parent=89"}],"curies":[{"name":"wp","href":"https:\/\/api.w.org\/{rel}","templated":true}]}}